{"id":10,"date":"2014-06-11T15:03:32","date_gmt":"2014-06-11T15:03:32","guid":{"rendered":"http:\/\/linksambach.com\/?page_id=10"},"modified":"2025-02-25T11:19:29","modified_gmt":"2025-02-25T09:19:29","slug":"festefeiern","status":"publish","type":"page","link":"https:\/\/www.linksambach.de\/?page_id=10","title":{"rendered":"<H3>Feste\u200a&#038;\u200aFeiern<\/H3>"},"content":{"rendered":"<p><a href=\"http:\/\/linksambach.com\/wp-content\/uploads\/2014\/06\/festefeiern.png\"><img loading=\"lazy\" decoding=\"async\" width=\"615\" height=\"200\" class=\"alignnone size-medium wp-image-158\" src=\"http:\/\/linksambach.com\/wp-content\/uploads\/2014\/06\/festefeiern.png\" alt=\"festefeiern\" srcset=\"https:\/\/www.linksambach.de\/wp-content\/uploads\/2014\/06\/festefeiern.png 615w, https:\/\/www.linksambach.de\/wp-content\/uploads\/2014\/06\/festefeiern-300x97.png 300w\" sizes=\"auto, (max-width: 615px) 100vw, 615px\" \/><\/a><\/p>\n<p>Die ehemalige Werkstatt mit dem historischen Getriebe der Wasserkraftanlage wurde zum Salon umgebaut und ist mit Ihrer Gr\u00f6\u00dfe und Ausstattung optimal geeignet f\u00fcr Veranstaltungen mit bis zu 40 Personen. Der Salon entspricht nicht allen Anforderungen einer konventionellen Gastronomie. Daf\u00fcr bietet sich die M\u00f6glichkeit, ein pers\u00f6nlich gepr\u00e4gtes Fest in privater Atmosph\u00e4re zu feiern. Bei sch\u00f6nem Wetter k\u00f6nnen Terrasse und Hof mitgenutzt werden. Ihre Veranstaltung k\u00f6nnen Sie selbst organisieren oder einzelne Dienstleistungen an uns \u00fcbertragen. Eine Person zur Betreuung steht in jedem Fall zu Ihrer Verf\u00fcgung. Die individuelle Gestaltung des Salons wird mit Ihnen abgesprochen und von uns kurz vor Beginn Ihrer Veranstaltung arrangiert.<br \/>\n\n<table id=\"tablepress-5\" class=\"tablepress tablepress-id-5\">\n<thead>\n<tr class=\"row-1\">\n\t<th class=\"column-1\">Mietpreis auf Anfrage<\/th><td class=\"column-2\"><\/td><td class=\"column-3\"><\/td>\n<\/tr>\n<\/thead>\n<tbody class=\"row-striping row-hover\">\n<\/tbody>\n<tfoot>\n<tr class=\"row-2\">\n\t<th colspan=\"3\" class=\"column-1\">Auf Wunsch nach Absprache: Catering, Getr\u00e4nke, Tischw\u00e4sche, Dekoration, Servicepersonal, Livemusik, Technik, usw.<\/th>\n<\/tr>\n<\/tfoot>\n<\/table>\n<!-- #tablepress-5 from cache --><br \/>\nEinlass: 1 Stunde vor Festbeginn.<br \/>\nEnde: Wenn der letzte Gast gegangen ist.<br \/>\nAb 22:00 Uhr Zimmerlautst\u00e4rke.<br \/>\nRauchen nur im Au\u00dfenbereich.<br \/>\n<strong>Parken nicht in der Linkstra\u00dfe.<\/strong><br \/>\nWir haben eine offene K\u00fcche, Tiere m\u00fcssen drau\u00dfen bleiben.<br \/>\nDer nat\u00fcrliche Bachlauf erfordert erh\u00f6hte Aufmerksamkeit von Eltern mit Kindern.<\/p>\n\n<p>Feste und Feierlichkeiten werden nicht \u00fcber die Stiftung sondern von Frau Rakoczy vermietet.<\/p>\n<p>Gerlinde Rakoczy<br \/>\nLinkstr. 19<br \/>\n73230 Kirchheim-\u00d6tlingen<\/p>\n<h4>Anfragen &amp; Buchungen<\/h4>\n<p>eMail: gaestehaus [at] linksambach.de<br \/>\nTelefon: +49 7021 44644<\/p>\n<hr \/>\n<p><br \/>\n<a href=\"https:\/\/www.linksambach.de\/?page_id=10&amp;print=1\" title=\"Drucken\" rel=\"nofollow\"><img decoding=\"async\" class=\"WP-PrintIcon\" src=\"https:\/\/www.linksambach.de\/wp-content\/plugins\/wp-print\/images\/printer_famfamfam.gif\" alt=\"Drucken\" title=\"Drucken\" style=\"border: 0px;\" \/><\/a><\/p>\n","protected":false},"excerpt":{"rendered":"<p>Die ehemalige Werkstatt mit dem historischen Getriebe der Wasserkraftanlage wurde zum Salon umgebaut und ist mit Ihrer Gr\u00f6\u00dfe und Ausstattung optimal geeignet f\u00fcr Veranstaltungen mit bis zu 40 Personen. Der Salon entspricht nicht allen Anforderungen einer konventionellen Gastronomie. Daf\u00fcr bietet sich die M\u00f6glichkeit, ein pers\u00f6nlich gepr\u00e4gtes Fest in privater Atmosph\u00e4re zu feiern. Bei sch\u00f6nem Wetter [&hellip;]<\/p>\n","protected":false},"author":1,"featured_media":0,"parent":0,"menu_order":0,"comment_status":"closed","ping_status":"closed","template":"","meta":{"footnotes":""},"class_list":["post-10","page","type-page","status-publish","hentry"],"_links":{"self":[{"href":"https:\/\/www.linksambach.de\/index.php?rest_route=\/wp\/v2\/pages\/10","targetHints":{"allow":["GET"]}}],"collection":[{"href":"https:\/\/www.linksambach.de\/index.php?rest_route=\/wp\/v2\/pages"}],"about":[{"href":"https:\/\/www.linksambach.de\/index.php?rest_route=\/wp\/v2\/types\/page"}],"author":[{"embeddable":true,"href":"https:\/\/www.linksambach.de\/index.php?rest_route=\/wp\/v2\/users\/1"}],"replies":[{"embeddable":true,"href":"https:\/\/www.linksambach.de\/index.php?rest_route=%2Fwp%2Fv2%2Fcomments&post=10"}],"version-history":[{"count":26,"href":"https:\/\/www.linksambach.de\/index.php?rest_route=\/wp\/v2\/pages\/10\/revisions"}],"predecessor-version":[{"id":1158,"href":"https:\/\/www.linksambach.de\/index.php?rest_route=\/wp\/v2\/pages\/10\/revisions\/1158"}],"wp:attachment":[{"href":"https:\/\/www.linksambach.de\/index.php?rest_route=%2Fwp%2Fv2%2Fmedia&parent=10"}],"curies":[{"name":"wp","href":"https:\/\/api.w.org\/{rel}","templated":true}]}}