{"id":1156,"date":"2025-02-25T12:20:03","date_gmt":"2025-02-25T10:20:03","guid":{"rendered":"https:\/\/www.linksambach.de\/?page_id=1156"},"modified":"2025-02-27T19:13:52","modified_gmt":"2025-02-27T17:13:52","slug":"die-leitidee","status":"publish","type":"page","link":"https:\/\/www.linksambach.de\/?page_id=1156","title":{"rendered":"<h4>Die Leitidee<\/h4>"},"content":{"rendered":"<h5 class=\"wp-block-heading\">Prinzip der gemeinsamen Nat\u00fcrlichkeit<\/h5>\r\n<!-- \/wp:post-content -->\r\n\r\n<!-- wp:paragraph -->\r\n<p>\u00bb Wir sind Teil der Natur als Menschen und sollten Geben und Nehmen in ein Gleichgewicht stellen. Prinzip der gemeinsamen Menschheit \u00bb Ungesehen von Herkunft, Religion, Status und Weltanschauung gilt f\u00fcr alle die Menschenw\u00fcrde.<\/p>\r\n<!-- \/wp:paragraph -->\r\n\r\n<!-- wp:heading -->\r\n<h5 class=\"wp-block-heading\">Prinzip der gemeinsamen Sozialit\u00e4t<\/h5>\r\n<!-- \/wp:heading -->\r\n\r\n<!-- wp:paragraph -->\r\n<p>\u00bb Wir sind alle bed\u00fcrftig und brauchen Anerkennung und Wertsch\u00e4tzung in Gemeinschaft. Auch hier gilt Geben und Nehmen im Ausgleich.<\/p>\r\n<!-- \/wp:paragraph -->\r\n\r\n<!-- wp:heading -->\r\n<h5 class=\"wp-block-heading\">Prinzip der legitimen Individuation<\/h5>\r\n<!-- \/wp:heading -->\r\n\r\n<!-- wp:paragraph -->\r\n<p>\u00bb Wir sind f\u00e4hige Menschen, die sich individuell verwirklichen wollen f\u00fcr sich und f\u00fcr das Gemeinwohl.<\/p>\r\n<!-- \/wp:paragraph -->\r\n\r\n<!-- wp:heading -->\r\n<h5 class=\"wp-block-heading\">Prinzip des sch\u00f6pferischen Konfliktes<\/h5>\r\n<!-- \/wp:heading -->\r\n\r\n<!-- wp:paragraph -->\r\n<p>\u00bb Zwischen den Prinzipien ergeben sich Widerspr\u00fcche und Konflikte, die kreativ mit Blick auf Win-win-Situationen gel\u00f6st werden sollten.<\/p>\r\n<h6>Die Kunst des Zusammenlebens wird auf folgenden Ebenen verwirklicht:<\/h6>\r\n<p>&nbsp;<\/p>\r\n<p><img loading=\"lazy\" decoding=\"async\" class=\"aligncenter wp-image-1196 size-large\" src=\"https:\/\/www.linksambach.de\/wp-content\/uploads\/2025\/02\/GrafikOrteLinien-1024x630.png\" alt=\"\" width=\"1024\" height=\"630\" srcset=\"https:\/\/www.linksambach.de\/wp-content\/uploads\/2025\/02\/GrafikOrteLinien-1024x630.png 1024w, https:\/\/www.linksambach.de\/wp-content\/uploads\/2025\/02\/GrafikOrteLinien-300x185.png 300w, https:\/\/www.linksambach.de\/wp-content\/uploads\/2025\/02\/GrafikOrteLinien-768x472.png 768w, https:\/\/www.linksambach.de\/wp-content\/uploads\/2025\/02\/GrafikOrteLinien.png 1268w\" sizes=\"auto, (max-width: 1024px) 100vw, 1024px\" \/><\/p>\r\n<p>&nbsp;<\/p>\r\n<!-- \/wp:paragraph -->\r\n\r\n<!-- wp:heading -->\r\n<h5 class=\"wp-block-heading\"><img loading=\"lazy\" decoding=\"async\" class=\"alignleft wp-image-1189\" src=\"https:\/\/www.linksambach.de\/wp-content\/uploads\/2025\/02\/Lebensort-150x150.png\" alt=\"\" width=\"100\" height=\"107\" srcset=\"https:\/\/www.linksambach.de\/wp-content\/uploads\/2025\/02\/Lebensort-280x300.png 280w, https:\/\/www.linksambach.de\/wp-content\/uploads\/2025\/02\/Lebensort.png 330w\" sizes=\"auto, (max-width: 100px) 100vw, 100px\" \/>Lebensort<\/h5>\r\n<!-- \/wp:heading -->\r\n\r\n<!-- wp:paragraph -->\r\n<p>Ideologiefreies Zusammenleben im Sinne einer Caring Community, die Haus und Garten und die Sozialgestalt (W\u00e4rmeplastik) pflegt und erh\u00e4lt.<\/p>\r\n<!-- \/wp:paragraph -->\r\n\r\n<!-- wp:heading -->\r\n<h3>\u00a0<\/h3>\r\n<h5 class=\"wp-block-heading\"><img loading=\"lazy\" decoding=\"async\" class=\"alignleft wp-image-1187\" src=\"https:\/\/www.linksambach.de\/wp-content\/uploads\/2025\/02\/Bildungsort-300x240.png\" alt=\"\" width=\"100\" height=\"80\" srcset=\"https:\/\/www.linksambach.de\/wp-content\/uploads\/2025\/02\/Bildungsort-300x240.png 300w, https:\/\/www.linksambach.de\/wp-content\/uploads\/2025\/02\/Bildungsort.png 442w\" sizes=\"auto, (max-width: 100px) 100vw, 100px\" \/>Bildungs- und Arbeitsort<\/h5>\r\n<!-- \/wp:heading -->\r\n\r\n<!-- wp:paragraph -->\r\n<p>Seminarr\u00e4ume und G\u00e4stezimmer werden bereitgestellt f\u00fcr Kurse und Weiterbildungen wie z.B. Yogakurse, Pilates, Supervision, Malkurse, Achtsamkeitskurse, Transaktionsanalyse, Traumap\u00e4dagogik usw&#8230; Die Hausg\u00e4ste sind Teil der Tischgemeinschaft auf Zeit und werden kulinarisch gut versorgt. Die Ausbildung zum \/ zur Jugend- und Heimerzieher*in ist ein Beispiel f\u00fcr selbstbestimmte Bildungsarbeit.<\/p>\r\n<!-- \/wp:paragraph -->\r\n\r\n<!-- wp:heading -->\r\n<h3>\u00a0<\/h3>\r\n<h5 class=\"wp-block-heading\"><img loading=\"lazy\" decoding=\"async\" class=\"alignleft wp-image-1191\" src=\"https:\/\/www.linksambach.de\/wp-content\/uploads\/2025\/02\/Sozialraum-300x287.png\" alt=\"\" width=\"100\" height=\"96\" srcset=\"https:\/\/www.linksambach.de\/wp-content\/uploads\/2025\/02\/Sozialraum-300x287.png 300w, https:\/\/www.linksambach.de\/wp-content\/uploads\/2025\/02\/Sozialraum.png 431w\" sizes=\"auto, (max-width: 100px) 100vw, 100px\" \/>Sozialraum<\/h5>\r\n<!-- \/wp:heading -->\r\n\r\n<!-- wp:paragraph -->\r\n<p>F\u00fcr die B\u00fcrger*innen von \u00d6tlingen und Kirchheim sind die R\u00e4ume auch zu nutzen, in der Linkstra\u00dfe 20 wird es eine Gelegenheit geben f\u00fcr Senior*innen einen Nachmittag zu verbringen. Regionale Produkte und Dienstleistungen werden eingekauft und Vortr\u00e4ge und Kleinkunstveranstaltungen durchgef\u00fchrt. Die Stiftung bereichert so das Quartier sozial und kulturell.<\/p>\r\n<!-- \/wp:paragraph -->\r\n\r\n<!-- wp:heading -->\r\n<h3>\u00a0<\/h3>\r\n<h5 class=\"wp-block-heading\"><img loading=\"lazy\" decoding=\"async\" class=\"alignleft wp-image-1190\" src=\"https:\/\/www.linksambach.de\/wp-content\/uploads\/2025\/02\/Politischer-Ort-246x300.png\" alt=\"\" width=\"100\" height=\"122\" srcset=\"https:\/\/www.linksambach.de\/wp-content\/uploads\/2025\/02\/Politischer-Ort-246x300.png 246w, https:\/\/www.linksambach.de\/wp-content\/uploads\/2025\/02\/Politischer-Ort.png 338w\" sizes=\"auto, (max-width: 100px) 100vw, 100px\" \/>Politischer Ort<\/h5>\r\n<!-- \/wp:heading -->\r\n\r\n<!-- wp:paragraph -->\r\n<p>Die Stiftung ist den Prinzipien der Nachhaltigkeit, Diversit\u00e4t, Demokratiebildung und des Konvivialismus verpflichtet und versteht sich als \u00fcberparteilich politisch, indem sie Modelle gelingender Gesellschaftsentwicklung im Kleinen erprobt und ins Leben bringt \u2013 und das seit 20 Jahren! Es soll ein Austausch \u00fcber Gemeinwohl\u00f6konomie und weitere Konzepte stattfinden. Politiker*innen sind ausdr\u00fccklich an den Tisch eingeladen.<br \/><br \/><\/p>\r\n<p style=\"text-align: center;\"><span style=\"color: #339966;\"><a style=\"color: #339966;\" href=\"https:\/\/www.linksambach.de\/wp-content\/uploads\/2025\/02\/Festschrift-linksambach.pdf\" target=\"_blank\" rel=\"noopener\">PDF Herunterladen &#8211; Festschrift zum 20 J\u00e4hrigen.<\/a><\/span><\/p>\r\n<h1 style=\"text-align: center;\"><a href=\"https:\/\/www.linksambach.de\/?page_id=12\"><span style=\"color: #008000;\">\u2190<\/span><\/a><\/h1>\r\n<hr \/>\r\n<a href=\"https:\/\/www.linksambach.de\/?page_id=1156&amp;print=1\" title=\"Drucken\" rel=\"nofollow\"><img decoding=\"async\" class=\"WP-PrintIcon\" src=\"https:\/\/www.linksambach.de\/wp-content\/plugins\/wp-print\/images\/printer_famfamfam.gif\" alt=\"Drucken\" title=\"Drucken\" style=\"border: 0px;\" \/><\/a>","protected":false},"excerpt":{"rendered":"<p>Prinzip der gemeinsamen Nat\u00fcrlichkeit \u00bb Wir sind Teil der Natur als Menschen und sollten Geben und Nehmen in ein Gleichgewicht stellen. Prinzip der gemeinsamen Menschheit \u00bb Ungesehen von Herkunft, Religion, Status und Weltanschauung gilt f\u00fcr alle die Menschenw\u00fcrde. Prinzip der gemeinsamen Sozialit\u00e4t \u00bb Wir sind alle bed\u00fcrftig und brauchen Anerkennung und Wertsch\u00e4tzung in Gemeinschaft. Auch [&hellip;]<\/p>\n","protected":false},"author":1,"featured_media":0,"parent":0,"menu_order":0,"comment_status":"closed","ping_status":"closed","template":"","meta":{"footnotes":""},"class_list":["post-1156","page","type-page","status-publish","hentry"],"_links":{"self":[{"href":"https:\/\/www.linksambach.de\/index.php?rest_route=\/wp\/v2\/pages\/1156","targetHints":{"allow":["GET"]}}],"collection":[{"href":"https:\/\/www.linksambach.de\/index.php?rest_route=\/wp\/v2\/pages"}],"about":[{"href":"https:\/\/www.linksambach.de\/index.php?rest_route=\/wp\/v2\/types\/page"}],"author":[{"embeddable":true,"href":"https:\/\/www.linksambach.de\/index.php?rest_route=\/wp\/v2\/users\/1"}],"replies":[{"embeddable":true,"href":"https:\/\/www.linksambach.de\/index.php?rest_route=%2Fwp%2Fv2%2Fcomments&post=1156"}],"version-history":[{"count":18,"href":"https:\/\/www.linksambach.de\/index.php?rest_route=\/wp\/v2\/pages\/1156\/revisions"}],"predecessor-version":[{"id":1220,"href":"https:\/\/www.linksambach.de\/index.php?rest_route=\/wp\/v2\/pages\/1156\/revisions\/1220"}],"wp:attachment":[{"href":"https:\/\/www.linksambach.de\/index.php?rest_route=%2Fwp%2Fv2%2Fmedia&parent=1156"}],"curies":[{"name":"wp","href":"https:\/\/api.w.org\/{rel}","templated":true}]}}