{"id":12,"date":"2014-06-11T15:04:03","date_gmt":"2014-06-11T13:04:03","guid":{"rendered":"http:\/\/linksambach.com\/?page_id=12"},"modified":"2025-02-27T13:47:29","modified_gmt":"2025-02-27T11:47:29","slug":"ueber-uns-2","status":"publish","type":"page","link":"https:\/\/www.linksambach.de\/?page_id=12","title":{"rendered":"<H3>\u00dcber\u200auns<\/H3>"},"content":{"rendered":"<p>In der Linkstra\u00dfe 19 in Kirchheim unter Teck befindet sich in idyllischer Lage ein Gel\u00e4nde mit Wohn- und Betriebsgeb\u00e4uden. Vom Verkehrsl\u00e4rm abgeschirmt und begrenzt durch den M\u00fchlkanal und anschlie\u00dfende G\u00e4rten und Obstwiesen liegt linksambach im Ortskern von \u00d6tlingen, nur wenige Fahrradminuten von der Innenstadt Kirchheims entfernt. Urspr\u00fcnglich als Spinnerei erbaut, waren hier von 1861 bis heute verschiedene Unternehmen angesiedelt. Das Wasserrad und das Transmissionsgetriebe mit dem die Maschinen angetrieben wurden sind noch vorhanden.<\/p>\r\n<style id=\"bwg-style-0\">  #bwg_container1_0 {    display: table;\t\/*visibility: hidden;*\/  }  #bwg_container1_0 * {\t  -moz-user-select: none;\t  -khtml-user-select: none;\t  -webkit-user-select: none;\t  -ms-user-select: none;\t  user-select: none;  }  #bwg_container1_0 #bwg_container2_0 .bwg_slideshow_image_wrap_0 {\t  background-color: #000000;\t  width: 640px;\t  height: 480px;  }  #bwg_container1_0 #bwg_container2_0 .bwg_slideshow_image_0 {\t  max-width: 640px;\t  max-height: 480px;  }  #bwg_container1_0 #bwg_container2_0 .bwg_slideshow_embed_0 {    width: 640px;    height: 480px;  }  #bwg_container1_0 #bwg_container2_0 #bwg_slideshow_play_pause_0 {\t  background: transparent url(\"https:\/\/www.linksambach.de\/wp-content\/plugins\/photo-gallery\/images\/blank.gif\") repeat scroll 0 0;  }  #bwg_container1_0 #bwg_container2_0 #bwg_slideshow_play_pause-ico_0 {    color: #FFFFFF;    font-size: 60px;  }  #bwg_container1_0 #bwg_container2_0 #bwg_slideshow_play_pause-ico_0:hover {\t  color: #CCCCCC;  }  #bwg_container1_0 #bwg_container2_0 #spider_slideshow_left_0,  #bwg_container1_0 #bwg_container2_0 #spider_slideshow_right_0 {\t  background: transparent url(\"https:\/\/www.linksambach.de\/wp-content\/plugins\/photo-gallery\/images\/blank.gif\") repeat scroll 0 0;  }  #bwg_container1_0 #bwg_container2_0 #spider_slideshow_left-ico_0,  #bwg_container1_0 #bwg_container2_0 #spider_slideshow_right-ico_0 {\t  background-color: #000000;\t  border-radius: 20px;\t  border: 0px none #FFFFFF;\t  box-shadow: 0px 0px 0px #000000;\t  color: #FFFFFF;\t  height: 40px;\t  font-size: 20px;\t  width: 40px;\t  opacity: 1.00;  }  #bwg_container1_0 #bwg_container2_0 #spider_slideshow_left-ico_0:hover,  #bwg_container1_0 #bwg_container2_0 #spider_slideshow_right-ico_0:hover {\t  color: #CCCCCC;  }      #spider_slideshow_left-ico_0{      left: 20px;    }    #spider_slideshow_right-ico_0{      left: auto;      right: 20px;    }      #bwg_container1_0 #bwg_container2_0 .bwg_slideshow_image_container_0 {\t  top: 0px;\t  width: 640px;\t  height: 480px;\t}\t#bwg_container1_0 #bwg_container2_0 .bwg_slideshow_filmstrip_container_0 {\t  display: table;\t  height: 0px;\t  width: 640px;\t  top: 0;  }  \/* Filmstrip dimension *\/  #bwg_container1_0 #bwg_container2_0 .bwg_slideshow_filmstrip_0 {\t  left: 20px;\t  width: 600px;\t  \/*z-index: 10106;*\/  }  #bwg_container1_0 #bwg_container2_0 .bwg_slideshow_filmstrip_thumbnails_0 {    left: 0px;    width: 8px;    height: 0px;  }  #bwg_container1_0 #bwg_container2_0 .bwg_slideshow_filmstrip_thumbnail_0 {    width: 0px;    height: 0px;    margin: 0 1px;    border: 1px solid #000000;    border-radius: 0;  }  #bwg_container1_0 #bwg_container2_0 .bwg_slideshow_thumb_active_0 {\t  border: 0px solid #FFFFFF;  }  #bwg_container1_0 #bwg_container2_0 .bwg_slideshow_thumb_deactive_0 {    opacity: 0.80;  }  #bwg_container1_0 #bwg_container2_0 .bwg_slideshow_filmstrip_left_0,  #bwg_container1_0 #bwg_container2_0 .bwg_slideshow_filmstrip_left_disabled_0 {\t  background-color: #3B3B3B;\t  display: table-cell;\t  width: 20px;\t  left: 0;\t  \t    }  #bwg_container1_0 #bwg_container2_0 .bwg_slideshow_filmstrip_right_0,  #bwg_container1_0 #bwg_container2_0 .bwg_slideshow_filmstrip_right_disabled_0 {\t  background-color: #3B3B3B;    display: table-cell;    right: 0;\t  width: 20px;\t  \t    }  #bwg_container1_0 #bwg_container2_0 .bwg_slideshow_filmstrip_left_0 i,  #bwg_container1_0 #bwg_container2_0 .bwg_slideshow_filmstrip_right_0 i,  #bwg_container1_0 #bwg_container2_0 .bwg_slideshow_filmstrip_left_disabled_0 i,  #bwg_container1_0 #bwg_container2_0 .bwg_slideshow_filmstrip_right_disabled_0 i {\t  color: #FFFFFF;\t  font-size: 20px;  }  #bwg_container1_0 #bwg_container2_0 .bwg_slideshow_filmstrip_left_0 {    display: none;  }  #bwg_container1_0 #bwg_container2_0 .bwg_slideshow_filmstrip_left_disabled_0,  #bwg_container1_0 #bwg_container2_0 .bwg_slideshow_filmstrip_right_disabled_0 {    display: none;    opacity: 0.3;  }  #bwg_container1_0 #bwg_container2_0 .bwg_slideshow_filmstrip_left_disabled_0 {    display: table-cell;  }  #bwg_container1_0 #bwg_container2_0 .bwg_slideshow_watermark_spun_0 {\t  text-align: right;\t  vertical-align: bottom;  }  #bwg_container1_0 #bwg_container2_0 .bwg_slideshow_title_spun_0 {\t  text-align: right;\t  vertical-align: top;  }  #bwg_container1_0 #bwg_container2_0 .bwg_slideshow_description_spun_0 {\t  text-align: right;\t  vertical-align: bottom;  }  #bwg_container1_0 #bwg_container2_0 .bwg_slideshow_watermark_image_0 {\t  max-height: 90px;\t  max-width: 90px;\t  opacity: 0.30;  }  #bwg_container1_0 #bwg_container2_0 .bwg_slideshow_watermark_text_0,  #bwg_container1_0 #bwg_container2_0 .bwg_slideshow_watermark_text_0:hover {\t  text-decoration: none;\t  margin: 4px;\t  position: relative;\t  z-index: 15;  }  #bwg_container1_0 #bwg_container2_0 .bwg_slideshow_title_text_0 {\t  font-size: 16px;\t  font-family: segoe ui;\t  color: #FFFFFF !important;\t  opacity: 0.70;    border-radius: 5px;\t  background-color: #000000;\t  padding: 0 0 0 0;\t  \t\twidth: 100%;\t  \t  top:16px;  }  #bwg_container1_0 #bwg_container2_0 .bwg_slideshow_description_text_0 {\t  font-size: 14px;\t  font-family: segoe ui;\t  color: #FFFFFF !important;\t  opacity: 0.70;    border-radius: 0;\t  background-color: #000000;\t  padding: 5px 10px 5px 10px;\t    }  #bwg_container1_0 #bwg_container2_0 .bwg_slideshow_description_text_0 * {\ttext-decoration: none;\tcolor: #FFFFFF !important;  }  #bwg_container1_0 #bwg_container2_0 .bwg_slideshow_dots_0 {\t  width: 12px;\t  height: 12px;\t  border-radius: 5px;\t  background: #F2D22E;\t  margin: 3px;  }  #bwg_container1_0 #bwg_container2_0 .bwg_slideshow_dots_container_0 {\t  width: 640px;\t  top: 0;  }  #bwg_container1_0 #bwg_container2_0 .bwg_slideshow_dots_thumbnails_0 {\t  height: 18px;\t  width: 72px;  }  #bwg_container1_0 #bwg_container2_0 .bwg_slideshow_dots_active_0 {\t  background: #FFFFFF;\t  border: 1px solid #000000;  }  <\/style>    <div id=\"bwg_container1_0\"         class=\"bwg_container bwg_thumbnail bwg_slideshow \"         data-right-click-protection=\"0\"         data-bwg=\"0\"         data-scroll=\"0\"         data-gallery-type=\"slideshow\"         data-gallery-view-type=\"slideshow\"         data-current-url=\"\/index.php?rest_route=%2Fwp%2Fv2%2Fpages%2F12\"         data-lightbox-url=\"https:\/\/www.linksambach.de\/wp-admin\/admin-ajax.php?action=GalleryBox&#038;current_view=0&#038;gallery_id=2&#038;tag=0&#038;theme_id=1&#038;shortcode_id=13&#038;sort_by=order&#038;order_by=asc&#038;current_url=%2Findex.php%3Frest_route%3D%252Fwp%252Fv2%252Fpages%252F12\"         data-gallery-id=\"2\"         data-popup-width=\"640\"         data-popup-height=\"480\"         data-is-album=\"gallery\"         data-buttons-position=\"bottom\">      <div id=\"bwg_container2_0\">             <div id=\"ajax_loading_0\" class=\"bwg_loading_div_1\">      <div class=\"bwg_loading_div_2\">        <div class=\"bwg_loading_div_3\">          <div id=\"loading_div_0\" class=\"bwg_spider_ajax_loading\">          <\/div>        <\/div>      <\/div>    <\/div>            <form id=\"gal_front_form_0\"              class=\"bwg-hidden\"              method=\"post\"              action=\"#\"              data-current=\"0\"              data-shortcode-id=\"13\"              data-gallery-type=\"slideshow\"              data-gallery-id=\"2\"              data-tag=\"0\"              data-album-id=\"0\"              data-theme-id=\"1\"              data-ajax-url=\"https:\/\/www.linksambach.de\/wp-admin\/admin-ajax.php?action=bwg_frontend_data\">          <div id=\"bwg_container3_0\" class=\"bwg-background bwg-background-0\">              <div class=\"bwg_slideshow_image_wrap_0 bwg-slideshow-images-wrapper bwg-container\"       data-bwg=\"0\"       data-lightbox-url=\"https:\/\/www.linksambach.de\/wp-admin\/admin-ajax.php?action=GalleryBox&#038;current_view=0&#038;gallery_id=2&#038;tag=0&#038;theme_id=1&#038;shortcode_id=13&#038;sort_by=order&#038;order_by=asc&#038;current_url=%2Findex.php%3Frest_route%3D%252Fwp%252Fv2%252Fpages%252F12\">          <div class=\"bwg_slideshow_dots_container_0\">        <div class=\"bwg_slideshow_dots_thumbnails_0\">                      <span id=\"bwg_dots_0_0\" class=\"bwg_slideshow_dots_0 bwg_slideshow_dots_active_0\" onclick=\"bwg_change_image(parseInt(jQuery('#bwg_current_image_key_0').val()), '0', '', '', 0)\" image_id=\"102\" image_key=\"0\"><\/span>                        <span id=\"bwg_dots_1_0\" class=\"bwg_slideshow_dots_0 bwg_slideshow_dots_deactive_0\" onclick=\"bwg_change_image(parseInt(jQuery('#bwg_current_image_key_0').val()), '1', '', '', 0)\" image_id=\"104\" image_key=\"1\"><\/span>                        <span id=\"bwg_dots_2_0\" class=\"bwg_slideshow_dots_0 bwg_slideshow_dots_deactive_0\" onclick=\"bwg_change_image(parseInt(jQuery('#bwg_current_image_key_0').val()), '2', '', '', 0)\" image_id=\"105\" image_key=\"2\"><\/span>                        <span id=\"bwg_dots_3_0\" class=\"bwg_slideshow_dots_0 bwg_slideshow_dots_deactive_0\" onclick=\"bwg_change_image(parseInt(jQuery('#bwg_current_image_key_0').val()), '3', '', '', 0)\" image_id=\"101\" image_key=\"3\"><\/span>                    <\/div>      <\/div>          <div id=\"bwg_slideshow_image_container_0\"         class=\"bwg_slideshow_image_container_0\"         data-params='{&quot;bwg_source&quot;:&quot;slider&quot;,&quot;bwg_current_key&quot;:&quot;&quot;,&quot;bwg_transition_duration&quot;:1000,&quot;bwg_trans_in_progress&quot;:false,&quot;data&quot;:[{&quot;id&quot;:&quot;102&quot;,&quot;alt&quot;:&quot;ueun_2354&quot;,&quot;description&quot;:&quot;&quot;,&quot;filetype&quot;:&quot;JPG&quot;,&quot;filename&quot;:&quot;ueun_2354&quot;,&quot;image_url&quot;:&quot;\\\/ueun_2354.jpg&quot;,&quot;thumb_url&quot;:&quot;\\\/thumb\\\/ueun_2354.jpg&quot;,&quot;redirect_url&quot;:&quot;&quot;,&quot;date&quot;:&quot;2014-06-14 11:00:00&quot;,&quot;is_embed&quot;:false,&quot;is_embed_video&quot;:false,&quot;image_width&quot;:&quot;640&quot;,&quot;image_height&quot;:&quot;480&quot;},{&quot;id&quot;:&quot;104&quot;,&quot;alt&quot;:&quot;ueun_2490&quot;,&quot;description&quot;:&quot;&quot;,&quot;filetype&quot;:&quot;JPG&quot;,&quot;filename&quot;:&quot;ueun_2490&quot;,&quot;image_url&quot;:&quot;\\\/ueun_2490.jpg&quot;,&quot;thumb_url&quot;:&quot;\\\/thumb\\\/ueun_2490.jpg&quot;,&quot;redirect_url&quot;:&quot;&quot;,&quot;date&quot;:&quot;2014-06-14 11:00:00&quot;,&quot;is_embed&quot;:false,&quot;is_embed_video&quot;:false,&quot;image_width&quot;:&quot;640&quot;,&quot;image_height&quot;:&quot;480&quot;},{&quot;id&quot;:&quot;105&quot;,&quot;alt&quot;:&quot;ueun_GerlPhot&quot;,&quot;description&quot;:&quot;&quot;,&quot;filetype&quot;:&quot;JPG&quot;,&quot;filename&quot;:&quot;ueun_GerlPhot&quot;,&quot;image_url&quot;:&quot;\\\/ueun_GerlPhot.jpg&quot;,&quot;thumb_url&quot;:&quot;\\\/thumb\\\/ueun_GerlPhot.jpg&quot;,&quot;redirect_url&quot;:&quot;&quot;,&quot;date&quot;:&quot;2014-06-14 18:50:00&quot;,&quot;is_embed&quot;:false,&quot;is_embed_video&quot;:false,&quot;image_width&quot;:&quot;640&quot;,&quot;image_height&quot;:&quot;480&quot;},{&quot;id&quot;:&quot;101&quot;,&quot;alt&quot;:&quot;ueun_0033&quot;,&quot;description&quot;:&quot;&quot;,&quot;filetype&quot;:&quot;JPG&quot;,&quot;filename&quot;:&quot;ueun_0033&quot;,&quot;image_url&quot;:&quot;\\\/ueun_0033.jpg&quot;,&quot;thumb_url&quot;:&quot;\\\/thumb\\\/ueun_0033.jpg&quot;,&quot;redirect_url&quot;:&quot;&quot;,&quot;date&quot;:&quot;2014-06-14 11:00:00&quot;,&quot;is_embed&quot;:false,&quot;is_embed_video&quot;:false,&quot;image_width&quot;:&quot;640&quot;,&quot;image_height&quot;:&quot;480&quot;}],&quot;width_or_height&quot;:&quot;width&quot;,&quot;filmstrip_thumb_margin_hor&quot;:2,&quot;left_or_top&quot;:&quot;left&quot;,&quot;outerWidth_or_outerHeight&quot;:&quot;outerWidth&quot;,&quot;enable_slideshow_shuffle&quot;:&quot;0&quot;,&quot;lightbox_filmstrip_thumb_border_width&quot;:&quot;1&quot;,&quot;thumb_click_action&quot;:&quot;do_nothing&quot;,&quot;thumb_link_target&quot;:&quot;1&quot;,&quot;upload_url&quot;:&quot;https:\\\/\\\/www.linksambach.de\\\/wp-content\\\/uploads\\\/photo-gallery&quot;,&quot;preload_images&quot;:&quot;0&quot;,&quot;slideshow_effect&quot;:&quot;kaleidoscope&quot;,&quot;event_stack&quot;:&quot;&quot;,&quot;preload_images_count&quot;:10,&quot;image_width&quot;:&quot;640&quot;,&quot;image_height&quot;:&quot;480&quot;,&quot;thumb_width&quot;:&quot;180&quot;,&quot;thumb_height&quot;:&quot;90&quot;,&quot;filmstrip_direction&quot;:&quot;horizontal&quot;,&quot;slideshow_filmstrip_type&quot;:&quot;0&quot;,&quot;slideshow_thumbnails_count&quot;:&quot;5&quot;,&quot;slideshow_filmstrip_width&quot;:0,&quot;slideshow_filmstrip_height&quot;:0,&quot;slideshow_filmstrip_rl_btn_size&quot;:&quot;20&quot;,&quot;slideshow_play_pause_btn_size&quot;:&quot;60&quot;,&quot;watermark_type&quot;:90,&quot;watermark_height&quot;:90,&quot;watermark_font_size&quot;:12,&quot;slideshow_title_font_size&quot;:&quot;16&quot;,&quot;slideshow_description_font_size&quot;:&quot;14&quot;,&quot;bwg_playInterval&quot;:&quot;&quot;,&quot;slideshow_interval&quot;:4,&quot;image_right_click&quot;:&quot;0&quot;,&quot;enable_slideshow_autoplay&quot;:&quot;1&quot;,&quot;enable_slideshow_music&quot;:&quot;0&quot;,&quot;bwg_current_filmstrip_pos&quot;:0}'         data-filmstrip-position=\"top\"         data-filmstrip-size=\"0\">      <div class=\"bwg_slide_container_0\">        <div class=\"bwg_slide_bg_0\">          <div class=\"bwg_slider_0\">                            <span class=\"bwg_slideshow_image_spun_0\" id=\"image_id_0_102\">                    <span class=\"bwg_slideshow_image_spun1_0\">                      <span class=\"bwg_slideshow_image_spun2_0\">                                                  <a class=\"bwg-a\" >                          <img decoding=\"async\" id=\"bwg_slideshow_image_0\"                               class=\"skip-lazy bwg_slide bwg_slideshow_image_0 \"                               src=\"https:\/\/www.linksambach.de\/wp-content\/uploads\/photo-gallery\/ueun_2354.jpg\"                               data-src=\"https:\/\/www.linksambach.de\/wp-content\/uploads\/photo-gallery\/ueun_2354.jpg\"                               image_id=\"102\"                               alt=\"ueun_2354\" \/>                          <\/a>                                                <\/span>                    <\/span>                  <\/span>                <span class=\"bwg_slideshow_image_second_spun_0\">                  <\/span>                <input type=\"hidden\" id=\"bwg_current_image_key_0\" value=\"0\" \/>                          <\/div>        <\/div>      <\/div>          <\/div>      <\/div>            <\/div>        <\/form>              <\/div>    <\/div>    <script>      if (document.readyState === 'complete') {        if( typeof bwg_main_ready == 'function' ) {          if ( jQuery(\"#bwg_container1_0\").height() ) {            bwg_main_ready(jQuery(\"#bwg_container1_0\"));          }        }      } else {        document.addEventListener('DOMContentLoaded', function() {          if( typeof bwg_main_ready == 'function' ) {            if ( jQuery(\"#bwg_container1_0\").height() ) {             bwg_main_ready(jQuery(\"#bwg_container1_0\"));            }          }        });      }    <\/script>    \r\n<p>Im Jahre 2001 haben wir das fr\u00fchere Anwesen der Familie Link zum Seminar und G\u00e4stehaus ausgebaut. Inzwischen wird linksambach von Gerlinde Rakoczy gemeinsam mit den Mitbewohnern und anderen engagierten Menschen betrieben. Neben festvermietetem Wohnraum gibt es zwei G\u00e4stezimmer und ein Apartment f\u00fcr \u00dcbernachtungsg\u00e4ste. Die ehemalige Fabrikationshalle im Erdgeschoss dient als Salon und Essk\u00fcche. Die Beachtung \u00f6kologischer Grundgedanken ist unauff\u00e4lliger, aber konsequenter Bestandteil der Konzeption. Auf dem Gel\u00e4nde gibt es eine Wiese mit Obstb\u00e4umen, einen Gem\u00fcsegarten, und neben Wildenten ein Laufentenpaar auf dem M\u00fchlbach. \u00a0<\/p>\r\n<h2 style=\"padding-left: 80px;\">\u201e <span style=\"color: #008000;\"><em>&#8230; und was machen wir<\/em><\/span> jetzt damit ? \u201c<\/h2>\r\n<p><br \/>Mit dem Verein Michaelshof \/ Ziegelh\u00fctte e.V. wurde 2024 linksambach in eine gemeinn\u00fctzige Stiftung \u00fcberf\u00fchrt. Die folgende Leitidee soll den Geist und die Haltung der Stiftung widerspiegeln.<\/p>\r\n<h2 class=\"wp-block-heading\">Die Leitidee<\/h2>\r\n<!-- \/wp:post-content -->\r\n\r\n<!-- wp:paragraph -->\r\n<p>Die \u201elinksambach-Stiftung\u201c greift zwei Impulse auf, die am Ort Linkstra\u00dfe 19 schon seit vielen Jahren etabliert sind:<\/p>\r\n<p>\u00bb zum einen achtsam zu sein im Umgang mit sich selbst, der Gemeinschaft, den Menschen, die diesen Ort beleben und im Einklang mit der Natur zu leben.<\/p>\r\n<p>\u00bb Zum anderen Bildungsarrangements zu gestalten, die Menschen bef\u00e4higen, fachlich fundiert benachteiligte Kinder, Jugendliche und deren Familien zu unterst\u00fctzen und zu f\u00f6rdern.<\/p>\r\n<h4 style=\"text-align: left;\">Beides findet Umsetzung durch die unterschiedlichen Angebote zu Gesundheit, Kultur, Bildung und Begegnung. Wir f\u00fchlen uns mit den Prinzipien der Kunst miteinander zu leben verbunden.<\/h4>\r\n<h4 style=\"text-align: center;\"><br \/><a href=\"https:\/\/www.linksambach.de\/?page_id=1156\"><span style=\"color: #008000;\">die Leitidee<\/span><\/a><\/h4>\r\n<!-- \/wp:paragraph -->\r\n\r\n<!-- wp:heading -->\r\n<h6 style=\"text-align: left;\"><br \/><br \/><br \/>Die Stiftungsorgane und ihre Vertreter:innen<br \/><br \/><\/h6>\r\n<p style=\"text-align: left;\"><a href=\"https:\/\/www.linksambach.de\/?page_id=12\" rel=\"attachment wp-att-1126\"><img loading=\"lazy\" decoding=\"async\" class=\"alignnone size-medium wp-image-1126\" src=\"https:\/\/www.linksambach.de\/wp-content\/uploads\/2025\/02\/lab_mic-300x141.png\" alt=\"\" width=\"300\" height=\"141\" srcset=\"https:\/\/www.linksambach.de\/wp-content\/uploads\/2025\/02\/lab_mic-300x141.png 300w, https:\/\/www.linksambach.de\/wp-content\/uploads\/2025\/02\/lab_mic.png 361w\" sizes=\"auto, (max-width: 300px) 100vw, 300px\" \/><\/a><br \/><br \/>Stiftungsrat: <br \/>Gerlinde Rakoczy, Jens Binder-Frisch, Gisela Weber-Von Schroeder <br \/>Gesch\u00e4ftsf\u00fchrender Vorstand: <br \/>G\u00fcnter Gerstenberger, Urs Kaiser<\/p>\r\n<p style=\"text-align: left;\"><em><span style=\"color: #008080;\">Wenn wir Ihr Interesse geweckt haben, die Stiftung materiell oder ideell zu unterst\u00fctzen oder Sie sich fragen, wie Sie Ihr Verm\u00f6gen oder Ihre Immobilie im Zuge einer Erbschaft einer nachhaltigen und gemeinwohl-orientierten Idee zukommen lassen k\u00f6nnen, wenden Sie sich gerne an uns.<\/span><\/em><\/p>\r\n<hr \/>\r\n<p>&nbsp;<\/p>","protected":false},"excerpt":{"rendered":"<p>In der Linkstra\u00dfe 19 in Kirchheim unter Teck befindet sich in idyllischer Lage ein Gel\u00e4nde mit Wohn- und Betriebsgeb\u00e4uden. Vom Verkehrsl\u00e4rm abgeschirmt und begrenzt durch den M\u00fchlkanal und anschlie\u00dfende G\u00e4rten und Obstwiesen liegt linksambach im Ortskern von \u00d6tlingen, nur wenige Fahrradminuten von der Innenstadt Kirchheims entfernt. Urspr\u00fcnglich als Spinnerei erbaut, waren hier von 1861 bis [&hellip;]<\/p>\n","protected":false},"author":1,"featured_media":0,"parent":0,"menu_order":0,"comment_status":"closed","ping_status":"closed","template":"","meta":{"footnotes":""},"class_list":["post-12","page","type-page","status-publish","hentry"],"_links":{"self":[{"href":"https:\/\/www.linksambach.de\/index.php?rest_route=\/wp\/v2\/pages\/12","targetHints":{"allow":["GET"]}}],"collection":[{"href":"https:\/\/www.linksambach.de\/index.php?rest_route=\/wp\/v2\/pages"}],"about":[{"href":"https:\/\/www.linksambach.de\/index.php?rest_route=\/wp\/v2\/types\/page"}],"author":[{"embeddable":true,"href":"https:\/\/www.linksambach.de\/index.php?rest_route=\/wp\/v2\/users\/1"}],"replies":[{"embeddable":true,"href":"https:\/\/www.linksambach.de\/index.php?rest_route=%2Fwp%2Fv2%2Fcomments&post=12"}],"version-history":[{"count":49,"href":"https:\/\/www.linksambach.de\/index.php?rest_route=\/wp\/v2\/pages\/12\/revisions"}],"predecessor-version":[{"id":1208,"href":"https:\/\/www.linksambach.de\/index.php?rest_route=\/wp\/v2\/pages\/12\/revisions\/1208"}],"wp:attachment":[{"href":"https:\/\/www.linksambach.de\/index.php?rest_route=%2Fwp%2Fv2%2Fmedia&parent=12"}],"curies":[{"name":"wp","href":"https:\/\/api.w.org\/{rel}","templated":true}]}}