{"id":25,"date":"2014-06-11T18:15:36","date_gmt":"2014-06-11T16:15:36","guid":{"rendered":"http:\/\/linksambach.com\/?page_id=25"},"modified":"2024-10-17T21:37:51","modified_gmt":"2024-10-17T19:37:51","slug":"aktuell","status":"publish","type":"page","link":"https:\/\/www.linksambach.de\/","title":{"rendered":"<H4>Aktuell<\/H4>"},"content":{"rendered":"\n\t\t<aside id=\"recent-posts-2\" class=\"widget widget_recent_entries amr_widget\">\n\t\t<span style=\"display: none\">SuperAkt<\/span>\n\t\t<ul>\n\t\t\t\t\t\t\t\t\t\t\t<li>\n\t\t\t\t\t<a href=\"https:\/\/www.linksambach.de\/?p=1232\">Dienstags 9:30-10:30 Yoga<\/a>\n\t\t\t\t\t\t\t\t\t<\/li>\n\t\t\t\t\t\t\t\t\t\t\t<li>\n\t\t\t\t\t<a href=\"https:\/\/www.linksambach.de\/?p=1236\">22.03. \u00b7 Yoga<\/a>\n\t\t\t\t\t\t\t\t\t<\/li>\n\t\t\t\t\t\t\t\t\t\t\t<li>\n\t\t\t\t\t<a href=\"https:\/\/www.linksambach.de\/?p=1238\">28.03. &#8211; 29.03.26 \u00b7 Sing Wochenende Herzstimme<\/a>\n\t\t\t\t\t\t\t\t\t<\/li>\n\t\t\t\t\t\t\t\t\t\t\t<li>\n\t\t\t\t\t<a href=\"https:\/\/www.linksambach.de\/?p=1241\">11.04. &#8211; 12.04.26 \u00b7 Lachyoga<\/a>\n\t\t\t\t\t\t\t\t\t<\/li>\n\t\t\t\t\t\t\t\t\t\t\t<li>\n\t\t\t\t\t<a href=\"https:\/\/www.linksambach.de\/?p=1243\">15.05. &#8211; 17.05.26 \u00b7 Songwriting Wochenende<\/a>\n\t\t\t\t\t\t\t\t\t<\/li>\n\t\t\t\t\t<\/ul>\n\n\t\t<\/aside>\n\n<table id=\"tablepress-1\" class=\"tablepress tablepress-id-1\">\n<thead>\n<tr class=\"row-1\">\n\t<th class=\"column-1\">laufende Kurse<\/th><th class=\"column-2\">Kontakt<\/th>\n<\/tr>\n<\/thead>\n<tbody class=\"row-striping row-hover\">\n<tr class=\"row-2\">\n\t<td class=\"column-1\">Pilates<br \/>\n<a href=\"http:\/\/www.smartfitpilates.de\" target=\"neues_Fenster\" rel=\"noopener noreferrer\"><span style=\"color: #339966\">- mit Anita Samardzic<\/span><\/a><\/td><td class=\"column-2\">0152 - 58496541<\/td>\n<\/tr>\n<tr class=\"row-3\">\n\t<td class=\"column-1\"><a href=\"http:\/\/www.stuttgarter-lachschule.de\" target=\"neues_Fenster\" rel=\"noopener noreferrer\"><span style=\"color: #339966\">Lach-Yoga<\/span><\/a><br \/>\nIntensivseminare zum zertifizierten Lach-Yoga-Kursleiter <br \/>\n- mit Susanne Klaus<\/td><td class=\"column-2\">07021 . 71228<\/td>\n<\/tr>\n<tr class=\"row-4\">\n\t<td class=\"column-1\"><a href=\"http:\/\/www.luftraum-atmen.de\" target=\"neues_Fenster\" rel=\"noopener noreferrer\"><span style=\"color: #339966\">luftraum - atmen<\/span><\/a><br \/>\nStressabbau \u2013 Energieaufbau, Gruppen-Atemsitzungen <br \/>\n- mit Anke Schenk<\/td><td class=\"column-2\">07021 - 82384<\/td>\n<\/tr>\n<tr class=\"row-5\">\n\t<td class=\"column-1\"><a href=\"http:\/\/www.loesbar-batzke.de\" target=\"neues_Fenster\" rel=\"noopener noreferrer\"><span style=\"color: #339966\">L\u00f6sbar<\/a><br \/>\nBegleitung in Krisen und Umbruchzeiten <br \/>\n- mit Mechthild Batzke<\/td><td class=\"column-2\">02161 - 829777<\/td>\n<\/tr>\n<tr class=\"row-6\">\n\t<td class=\"column-1\"><a href=\"http:\/\/www.ta-seminar-unter-teck.de\/\" target=\"neues_Fenster\" rel=\"noopener noreferrer\"><span style=\"color: #339966\">Transaktionsanalyse<\/span><\/a><br \/>\nWeiterbildung in Transaktionsanalyse ausgehend vom Menschenbild der humanistischen Psychologie<br \/>\nZiel ist au\u00dferdem die Professionalisierung in psychosozialen und p\u00e4dagogischen Arbeitsfeldern sowie bei der Personalf\u00fchrung.<br \/>\n- mit Claudia Scheurenbrand und Mayke Wagner<\/td><td class=\"column-2\">0174 - 9824942<\/td>\n<\/tr>\n<tr class=\"row-7\">\n\t<td class=\"column-1\"><a href=\"https:\/\/wolfgang-allmendinger.de\/events\/systemische-familien-und-organisationsaufstellungen-linksambach-in-kirchheim-oetlingen-2\/\"><span style=\"color: #339966\">Systemische Familien-und Organisationsaufstellungen<\/span><\/a><br \/>\nIn der Arbeit mit Aufstellungen werden die Dynamiken, die den Problemen zugrunde liegen sichtbar, dadurch entsteht ein neues Verst\u00e4ndnis, Einsicht, Erkenntnis und Vergebung f\u00fcr sich selbst und f\u00fcr andere Menschen. Frieden, Zufriedenheit, Gl\u00fcck und Ruhe k\u00f6nnen immer mehr Raum einnehmen. <br \/>\n\u2013 mit Wolfgang Allmendinger<\/td><td class=\"column-2\">01520 - 4248696<\/td>\n<\/tr>\n<tr class=\"row-8\">\n\t<td class=\"column-1\">Energetische K\u00f6rperarbeit<\/td><td class=\"column-2\">07023 - 909842<\/td>\n<\/tr>\n<\/tbody>\n<tfoot>\n<tr class=\"row-9\">\n\t<td class=\"column-1\"><\/td><td class=\"column-2\"><\/td>\n<\/tr>\n<\/tfoot>\n<\/table>\n\n<hr \/>\n\n\n<p><\/p>\n","protected":false},"excerpt":{"rendered":"","protected":false},"author":1,"featured_media":0,"parent":0,"menu_order":0,"comment_status":"closed","ping_status":"closed","template":"","meta":{"footnotes":""},"class_list":["post-25","page","type-page","status-publish","hentry"],"_links":{"self":[{"href":"https:\/\/www.linksambach.de\/index.php?rest_route=\/wp\/v2\/pages\/25","targetHints":{"allow":["GET"]}}],"collection":[{"href":"https:\/\/www.linksambach.de\/index.php?rest_route=\/wp\/v2\/pages"}],"about":[{"href":"https:\/\/www.linksambach.de\/index.php?rest_route=\/wp\/v2\/types\/page"}],"author":[{"embeddable":true,"href":"https:\/\/www.linksambach.de\/index.php?rest_route=\/wp\/v2\/users\/1"}],"replies":[{"embeddable":true,"href":"https:\/\/www.linksambach.de\/index.php?rest_route=%2Fwp%2Fv2%2Fcomments&post=25"}],"version-history":[{"count":13,"href":"https:\/\/www.linksambach.de\/index.php?rest_route=\/wp\/v2\/pages\/25\/revisions"}],"predecessor-version":[{"id":882,"href":"https:\/\/www.linksambach.de\/index.php?rest_route=\/wp\/v2\/pages\/25\/revisions\/882"}],"wp:attachment":[{"href":"https:\/\/www.linksambach.de\/index.php?rest_route=%2Fwp%2Fv2%2Fmedia&parent=25"}],"curies":[{"name":"wp","href":"https:\/\/api.w.org\/{rel}","templated":true}]}}