{"id":4,"date":"2014-06-11T15:02:41","date_gmt":"2014-06-11T15:02:41","guid":{"rendered":"http:\/\/linksambach.com\/?page_id=4"},"modified":"2025-02-25T10:38:11","modified_gmt":"2025-02-25T08:38:11","slug":"raeume","status":"publish","type":"page","link":"https:\/\/www.linksambach.de\/?page_id=4","title":{"rendered":"<H3>R\u00e4ume<\/H3>"},"content":{"rendered":"<style id=\"bwg-style-0\">  #bwg_container1_0 {    display: table;\t\/*visibility: hidden;*\/  }  #bwg_container1_0 * {\t  -moz-user-select: none;\t  -khtml-user-select: none;\t  -webkit-user-select: none;\t  -ms-user-select: none;\t  user-select: none;  }  #bwg_container1_0 #bwg_container2_0 .bwg_slideshow_image_wrap_0 {\t  background-color: #000000;\t  width: 640px;\t  height: 480px;  }  #bwg_container1_0 #bwg_container2_0 .bwg_slideshow_image_0 {\t  max-width: 640px;\t  max-height: 480px;  }  #bwg_container1_0 #bwg_container2_0 .bwg_slideshow_embed_0 {    width: 640px;    height: 480px;  }  #bwg_container1_0 #bwg_container2_0 #bwg_slideshow_play_pause_0 {\t  background: transparent url(\"https:\/\/www.linksambach.de\/wp-content\/plugins\/photo-gallery\/images\/blank.gif\") repeat scroll 0 0;  }  #bwg_container1_0 #bwg_container2_0 #bwg_slideshow_play_pause-ico_0 {    color: #FFFFFF;    font-size: 60px;  }  #bwg_container1_0 #bwg_container2_0 #bwg_slideshow_play_pause-ico_0:hover {\t  color: #CCCCCC;  }  #bwg_container1_0 #bwg_container2_0 #spider_slideshow_left_0,  #bwg_container1_0 #bwg_container2_0 #spider_slideshow_right_0 {\t  background: transparent url(\"https:\/\/www.linksambach.de\/wp-content\/plugins\/photo-gallery\/images\/blank.gif\") repeat scroll 0 0;  }  #bwg_container1_0 #bwg_container2_0 #spider_slideshow_left-ico_0,  #bwg_container1_0 #bwg_container2_0 #spider_slideshow_right-ico_0 {\t  background-color: #000000;\t  border-radius: 20px;\t  border: 0px none #FFFFFF;\t  box-shadow: 0px 0px 0px #000000;\t  color: #FFFFFF;\t  height: 40px;\t  font-size: 20px;\t  width: 40px;\t  opacity: 1.00;  }  #bwg_container1_0 #bwg_container2_0 #spider_slideshow_left-ico_0:hover,  #bwg_container1_0 #bwg_container2_0 #spider_slideshow_right-ico_0:hover {\t  color: #CCCCCC;  }      #spider_slideshow_left-ico_0{      left: 20px;    }    #spider_slideshow_right-ico_0{      left: auto;      right: 20px;    }      #bwg_container1_0 #bwg_container2_0 .bwg_slideshow_image_container_0 {\t  top: 0px;\t  width: 640px;\t  height: 480px;\t}\t#bwg_container1_0 #bwg_container2_0 .bwg_slideshow_filmstrip_container_0 {\t  display: table;\t  height: 0px;\t  width: 640px;\t  top: 0;  }  \/* Filmstrip dimension *\/  #bwg_container1_0 #bwg_container2_0 .bwg_slideshow_filmstrip_0 {\t  left: 20px;\t  width: 600px;\t  \/*z-index: 10106;*\/  }  #bwg_container1_0 #bwg_container2_0 .bwg_slideshow_filmstrip_thumbnails_0 {    left: 0px;    width: 12px;    height: 0px;  }  #bwg_container1_0 #bwg_container2_0 .bwg_slideshow_filmstrip_thumbnail_0 {    width: 0px;    height: 0px;    margin: 0 1px;    border: 1px solid #000000;    border-radius: 0;  }  #bwg_container1_0 #bwg_container2_0 .bwg_slideshow_thumb_active_0 {\t  border: 0px solid #FFFFFF;  }  #bwg_container1_0 #bwg_container2_0 .bwg_slideshow_thumb_deactive_0 {    opacity: 0.80;  }  #bwg_container1_0 #bwg_container2_0 .bwg_slideshow_filmstrip_left_0,  #bwg_container1_0 #bwg_container2_0 .bwg_slideshow_filmstrip_left_disabled_0 {\t  background-color: #3B3B3B;\t  display: table-cell;\t  width: 20px;\t  left: 0;\t  \t    }  #bwg_container1_0 #bwg_container2_0 .bwg_slideshow_filmstrip_right_0,  #bwg_container1_0 #bwg_container2_0 .bwg_slideshow_filmstrip_right_disabled_0 {\t  background-color: #3B3B3B;    display: table-cell;    right: 0;\t  width: 20px;\t  \t    }  #bwg_container1_0 #bwg_container2_0 .bwg_slideshow_filmstrip_left_0 i,  #bwg_container1_0 #bwg_container2_0 .bwg_slideshow_filmstrip_right_0 i,  #bwg_container1_0 #bwg_container2_0 .bwg_slideshow_filmstrip_left_disabled_0 i,  #bwg_container1_0 #bwg_container2_0 .bwg_slideshow_filmstrip_right_disabled_0 i {\t  color: #FFFFFF;\t  font-size: 20px;  }  #bwg_container1_0 #bwg_container2_0 .bwg_slideshow_filmstrip_left_0 {    display: none;  }  #bwg_container1_0 #bwg_container2_0 .bwg_slideshow_filmstrip_left_disabled_0,  #bwg_container1_0 #bwg_container2_0 .bwg_slideshow_filmstrip_right_disabled_0 {    display: none;    opacity: 0.3;  }  #bwg_container1_0 #bwg_container2_0 .bwg_slideshow_filmstrip_left_disabled_0 {    display: table-cell;  }  #bwg_container1_0 #bwg_container2_0 .bwg_slideshow_watermark_spun_0 {\t  text-align: right;\t  vertical-align: bottom;  }  #bwg_container1_0 #bwg_container2_0 .bwg_slideshow_title_spun_0 {\t  text-align: right;\t  vertical-align: top;  }  #bwg_container1_0 #bwg_container2_0 .bwg_slideshow_description_spun_0 {\t  text-align: right;\t  vertical-align: bottom;  }  #bwg_container1_0 #bwg_container2_0 .bwg_slideshow_watermark_image_0 {\t  max-height: 90px;\t  max-width: 90px;\t  opacity: 0.30;  }  #bwg_container1_0 #bwg_container2_0 .bwg_slideshow_watermark_text_0,  #bwg_container1_0 #bwg_container2_0 .bwg_slideshow_watermark_text_0:hover {\t  text-decoration: none;\t  margin: 4px;\t  position: relative;\t  z-index: 15;  }  #bwg_container1_0 #bwg_container2_0 .bwg_slideshow_title_text_0 {\t  font-size: 16px;\t  font-family: segoe ui;\t  color: #FFFFFF !important;\t  opacity: 0.70;    border-radius: 5px;\t  background-color: #000000;\t  padding: 0 0 0 0;\t  \t\twidth: 100%;\t  \t  top:16px;  }  #bwg_container1_0 #bwg_container2_0 .bwg_slideshow_description_text_0 {\t  font-size: 14px;\t  font-family: segoe ui;\t  color: #FFFFFF !important;\t  opacity: 0.70;    border-radius: 0;\t  background-color: #000000;\t  padding: 5px 10px 5px 10px;\t    }  #bwg_container1_0 #bwg_container2_0 .bwg_slideshow_description_text_0 * {\ttext-decoration: none;\tcolor: #FFFFFF !important;  }  #bwg_container1_0 #bwg_container2_0 .bwg_slideshow_dots_0 {\t  width: 12px;\t  height: 12px;\t  border-radius: 5px;\t  background: #F2D22E;\t  margin: 3px;  }  #bwg_container1_0 #bwg_container2_0 .bwg_slideshow_dots_container_0 {\t  width: 640px;\t  top: 0;  }  #bwg_container1_0 #bwg_container2_0 .bwg_slideshow_dots_thumbnails_0 {\t  height: 18px;\t  width: 108px;  }  #bwg_container1_0 #bwg_container2_0 .bwg_slideshow_dots_active_0 {\t  background: #FFFFFF;\t  border: 1px solid #000000;  }  <\/style>    <div id=\"bwg_container1_0\"         class=\"bwg_container bwg_thumbnail bwg_slideshow \"         data-right-click-protection=\"0\"         data-bwg=\"0\"         data-scroll=\"0\"         data-gallery-type=\"slideshow\"         data-gallery-view-type=\"slideshow\"         data-current-url=\"\/index.php?rest_route=%2Fwp%2Fv2%2Fpages%2F4\"         data-lightbox-url=\"https:\/\/www.linksambach.de\/wp-admin\/admin-ajax.php?action=GalleryBox&#038;current_view=0&#038;gallery_id=3&#038;tag=0&#038;theme_id=1&#038;shortcode_id=9&#038;sort_by=order&#038;order_by=asc&#038;current_url=%2Findex.php%3Frest_route%3D%252Fwp%252Fv2%252Fpages%252F4\"         data-gallery-id=\"3\"         data-popup-width=\"640\"         data-popup-height=\"480\"         data-is-album=\"gallery\"         data-buttons-position=\"bottom\">      <div id=\"bwg_container2_0\">             <div id=\"ajax_loading_0\" class=\"bwg_loading_div_1\">      <div class=\"bwg_loading_div_2\">        <div class=\"bwg_loading_div_3\">          <div id=\"loading_div_0\" class=\"bwg_spider_ajax_loading\">          <\/div>        <\/div>      <\/div>    <\/div>            <form id=\"gal_front_form_0\"              class=\"bwg-hidden\"              method=\"post\"              action=\"#\"              data-current=\"0\"              data-shortcode-id=\"9\"              data-gallery-type=\"slideshow\"              data-gallery-id=\"3\"              data-tag=\"0\"              data-album-id=\"0\"              data-theme-id=\"1\"              data-ajax-url=\"https:\/\/www.linksambach.de\/wp-admin\/admin-ajax.php?action=bwg_frontend_data\">          <div id=\"bwg_container3_0\" class=\"bwg-background bwg-background-0\">              <div class=\"bwg_slideshow_image_wrap_0 bwg-slideshow-images-wrapper bwg-container\"       data-bwg=\"0\"       data-lightbox-url=\"https:\/\/www.linksambach.de\/wp-admin\/admin-ajax.php?action=GalleryBox&#038;current_view=0&#038;gallery_id=3&#038;tag=0&#038;theme_id=1&#038;shortcode_id=9&#038;sort_by=order&#038;order_by=asc&#038;current_url=%2Findex.php%3Frest_route%3D%252Fwp%252Fv2%252Fpages%252F4\">          <div class=\"bwg_slideshow_dots_container_0\">        <div class=\"bwg_slideshow_dots_thumbnails_0\">                      <span id=\"bwg_dots_0_0\" class=\"bwg_slideshow_dots_0 bwg_slideshow_dots_active_0\" onclick=\"bwg_change_image(parseInt(jQuery('#bwg_current_image_key_0').val()), '0', '', '', 0)\" image_id=\"36\" image_key=\"0\"><\/span>                        <span id=\"bwg_dots_1_0\" class=\"bwg_slideshow_dots_0 bwg_slideshow_dots_deactive_0\" onclick=\"bwg_change_image(parseInt(jQuery('#bwg_current_image_key_0').val()), '1', '', '', 0)\" image_id=\"33\" image_key=\"1\"><\/span>                        <span id=\"bwg_dots_2_0\" class=\"bwg_slideshow_dots_0 bwg_slideshow_dots_deactive_0\" onclick=\"bwg_change_image(parseInt(jQuery('#bwg_current_image_key_0').val()), '2', '', '', 0)\" image_id=\"35\" image_key=\"2\"><\/span>                        <span id=\"bwg_dots_3_0\" class=\"bwg_slideshow_dots_0 bwg_slideshow_dots_deactive_0\" onclick=\"bwg_change_image(parseInt(jQuery('#bwg_current_image_key_0').val()), '3', '', '', 0)\" image_id=\"34\" image_key=\"3\"><\/span>                        <span id=\"bwg_dots_4_0\" class=\"bwg_slideshow_dots_0 bwg_slideshow_dots_deactive_0\" onclick=\"bwg_change_image(parseInt(jQuery('#bwg_current_image_key_0').val()), '4', '', '', 0)\" image_id=\"111\" image_key=\"4\"><\/span>                        <span id=\"bwg_dots_5_0\" class=\"bwg_slideshow_dots_0 bwg_slideshow_dots_deactive_0\" onclick=\"bwg_change_image(parseInt(jQuery('#bwg_current_image_key_0').val()), '5', '', '', 0)\" image_id=\"109\" image_key=\"5\"><\/span>                    <\/div>      <\/div>          <div id=\"bwg_slideshow_image_container_0\"         class=\"bwg_slideshow_image_container_0\"         data-params='{&quot;bwg_source&quot;:&quot;slider&quot;,&quot;bwg_current_key&quot;:&quot;&quot;,&quot;bwg_transition_duration&quot;:750,&quot;bwg_trans_in_progress&quot;:false,&quot;data&quot;:[{&quot;id&quot;:&quot;36&quot;,&quot;alt&quot;:&quot;r_2679&quot;,&quot;description&quot;:&quot;&quot;,&quot;filetype&quot;:&quot;JPG&quot;,&quot;filename&quot;:&quot;r_2679&quot;,&quot;image_url&quot;:&quot;\\\/r_2679.JPG&quot;,&quot;thumb_url&quot;:&quot;\\\/thumb\\\/r_2679.JPG&quot;,&quot;redirect_url&quot;:&quot;&quot;,&quot;date&quot;:&quot;2014-06-12 16:04:00&quot;,&quot;is_embed&quot;:false,&quot;is_embed_video&quot;:false,&quot;image_width&quot;:&quot;640&quot;,&quot;image_height&quot;:&quot;480&quot;,&quot;thumb_width&quot;:&quot;300.00&quot;,&quot;thumb_height&quot;:&quot;225.00&quot;},{&quot;id&quot;:&quot;33&quot;,&quot;alt&quot;:&quot;r_2699&quot;,&quot;description&quot;:&quot;&quot;,&quot;filetype&quot;:&quot;JPG&quot;,&quot;filename&quot;:&quot;r_2699&quot;,&quot;image_url&quot;:&quot;\\\/r_2699.JPG&quot;,&quot;thumb_url&quot;:&quot;\\\/thumb\\\/r_2699.JPG&quot;,&quot;redirect_url&quot;:&quot;&quot;,&quot;date&quot;:&quot;2014-06-12 16:04:00&quot;,&quot;is_embed&quot;:false,&quot;is_embed_video&quot;:false,&quot;image_width&quot;:&quot;640&quot;,&quot;image_height&quot;:&quot;480&quot;,&quot;thumb_width&quot;:&quot;300.00&quot;,&quot;thumb_height&quot;:&quot;225.00&quot;},{&quot;id&quot;:&quot;35&quot;,&quot;alt&quot;:&quot;r_2691&quot;,&quot;description&quot;:&quot;&quot;,&quot;filetype&quot;:&quot;JPG&quot;,&quot;filename&quot;:&quot;r_2691&quot;,&quot;image_url&quot;:&quot;\\\/r_2691.JPG&quot;,&quot;thumb_url&quot;:&quot;\\\/thumb\\\/r_2691.JPG&quot;,&quot;redirect_url&quot;:&quot;&quot;,&quot;date&quot;:&quot;2014-06-12 16:04:00&quot;,&quot;is_embed&quot;:false,&quot;is_embed_video&quot;:false,&quot;image_width&quot;:&quot;640&quot;,&quot;image_height&quot;:&quot;480&quot;,&quot;thumb_width&quot;:&quot;300.00&quot;,&quot;thumb_height&quot;:&quot;225.00&quot;},{&quot;id&quot;:&quot;34&quot;,&quot;alt&quot;:&quot;r_2694&quot;,&quot;description&quot;:&quot;&quot;,&quot;filetype&quot;:&quot;JPG&quot;,&quot;filename&quot;:&quot;r_2694&quot;,&quot;image_url&quot;:&quot;\\\/r_2694.JPG&quot;,&quot;thumb_url&quot;:&quot;\\\/thumb\\\/r_2694.JPG&quot;,&quot;redirect_url&quot;:&quot;&quot;,&quot;date&quot;:&quot;2014-06-12 16:04:00&quot;,&quot;is_embed&quot;:false,&quot;is_embed_video&quot;:false,&quot;image_width&quot;:&quot;640&quot;,&quot;image_height&quot;:&quot;480&quot;,&quot;thumb_width&quot;:&quot;300.00&quot;,&quot;thumb_height&quot;:&quot;225.00&quot;},{&quot;id&quot;:&quot;111&quot;,&quot;alt&quot;:&quot;IMG 0066-3-480&quot;,&quot;description&quot;:&quot;Aperture: 2&amp;lt;br \\\/&amp;gt;Camera: iPhone 12&amp;lt;br \\\/&amp;gt;Iso: 100&amp;lt;br \\\/&amp;gt;&quot;,&quot;filetype&quot;:&quot;JPG&quot;,&quot;filename&quot;:&quot;IMG_0066-3-480&quot;,&quot;image_url&quot;:&quot;\\\/IMG_0066-3-480.jpg?bwg=1740488483&quot;,&quot;thumb_url&quot;:&quot;\\\/thumb\\\/IMG_0066-3-480.jpg?bwg=1740488483&quot;,&quot;redirect_url&quot;:&quot;&quot;,&quot;date&quot;:&quot;2025-02-25 13:01:09&quot;,&quot;is_embed&quot;:false,&quot;is_embed_video&quot;:false,&quot;image_width&quot;:&quot;640&quot;,&quot;image_height&quot;:&quot;480&quot;,&quot;thumb_width&quot;:&quot;300.00&quot;,&quot;thumb_height&quot;:&quot;225.00&quot;},{&quot;id&quot;:&quot;109&quot;,&quot;alt&quot;:&quot;IMG 0067-2-480&quot;,&quot;description&quot;:&quot;Aperture: 2&amp;lt;br \\\/&amp;gt;Camera: iPhone 12&amp;lt;br \\\/&amp;gt;Iso: 80&amp;lt;br \\\/&amp;gt;&quot;,&quot;filetype&quot;:&quot;JPG&quot;,&quot;filename&quot;:&quot;IMG_0067-2-480&quot;,&quot;image_url&quot;:&quot;\\\/IMG_0067-2-480.jpg?bwg=1740487946&quot;,&quot;thumb_url&quot;:&quot;\\\/thumb\\\/IMG_0067-2-480.jpg?bwg=1740487946&quot;,&quot;redirect_url&quot;:&quot;&quot;,&quot;date&quot;:&quot;2025-02-25 12:51:27&quot;,&quot;is_embed&quot;:false,&quot;is_embed_video&quot;:false,&quot;image_width&quot;:&quot;400&quot;,&quot;image_height&quot;:&quot;480&quot;,&quot;thumb_width&quot;:&quot;250.00&quot;,&quot;thumb_height&quot;:&quot;300.00&quot;}],&quot;width_or_height&quot;:&quot;width&quot;,&quot;filmstrip_thumb_margin_hor&quot;:2,&quot;left_or_top&quot;:&quot;left&quot;,&quot;outerWidth_or_outerHeight&quot;:&quot;outerWidth&quot;,&quot;enable_slideshow_shuffle&quot;:&quot;0&quot;,&quot;lightbox_filmstrip_thumb_border_width&quot;:&quot;1&quot;,&quot;thumb_click_action&quot;:&quot;do_nothing&quot;,&quot;thumb_link_target&quot;:&quot;1&quot;,&quot;upload_url&quot;:&quot;https:\\\/\\\/www.linksambach.de\\\/wp-content\\\/uploads\\\/photo-gallery&quot;,&quot;preload_images&quot;:&quot;0&quot;,&quot;slideshow_effect&quot;:&quot;fade&quot;,&quot;event_stack&quot;:&quot;&quot;,&quot;preload_images_count&quot;:10,&quot;image_width&quot;:&quot;640&quot;,&quot;image_height&quot;:&quot;480&quot;,&quot;thumb_width&quot;:&quot;180&quot;,&quot;thumb_height&quot;:&quot;90&quot;,&quot;filmstrip_direction&quot;:&quot;horizontal&quot;,&quot;slideshow_filmstrip_type&quot;:&quot;0&quot;,&quot;slideshow_thumbnails_count&quot;:&quot;5&quot;,&quot;slideshow_filmstrip_width&quot;:0,&quot;slideshow_filmstrip_height&quot;:0,&quot;slideshow_filmstrip_rl_btn_size&quot;:&quot;20&quot;,&quot;slideshow_play_pause_btn_size&quot;:&quot;60&quot;,&quot;watermark_type&quot;:90,&quot;watermark_height&quot;:90,&quot;watermark_font_size&quot;:12,&quot;slideshow_title_font_size&quot;:&quot;16&quot;,&quot;slideshow_description_font_size&quot;:&quot;14&quot;,&quot;bwg_playInterval&quot;:&quot;&quot;,&quot;slideshow_interval&quot;:3,&quot;image_right_click&quot;:&quot;0&quot;,&quot;enable_slideshow_autoplay&quot;:&quot;1&quot;,&quot;enable_slideshow_music&quot;:&quot;0&quot;,&quot;bwg_current_filmstrip_pos&quot;:0}'         data-filmstrip-position=\"top\"         data-filmstrip-size=\"0\">      <div class=\"bwg_slide_container_0\">        <div class=\"bwg_slide_bg_0\">          <div class=\"bwg_slider_0\">                            <span class=\"bwg_slideshow_image_spun_0\" id=\"image_id_0_36\">                    <span class=\"bwg_slideshow_image_spun1_0\">                      <span class=\"bwg_slideshow_image_spun2_0\">                                                  <a class=\"bwg-a\" >                          <img decoding=\"async\" id=\"bwg_slideshow_image_0\"                               class=\"skip-lazy bwg_slide bwg_slideshow_image_0 \"                               src=\"https:\/\/www.linksambach.de\/wp-content\/uploads\/photo-gallery\/r_2679.JPG\"                               data-src=\"https:\/\/www.linksambach.de\/wp-content\/uploads\/photo-gallery\/r_2679.JPG\"                               image_id=\"36\"                               alt=\"r_2679\" \/>                          <\/a>                                                <\/span>                    <\/span>                  <\/span>                <span class=\"bwg_slideshow_image_second_spun_0\">                  <\/span>                <input type=\"hidden\" id=\"bwg_current_image_key_0\" value=\"0\" \/>                          <\/div>        <\/div>      <\/div>          <\/div>      <\/div>            <\/div>        <\/form>              <\/div>    <\/div>    <script>      if (document.readyState === 'complete') {        if( typeof bwg_main_ready == 'function' ) {          if ( jQuery(\"#bwg_container1_0\").height() ) {            bwg_main_ready(jQuery(\"#bwg_container1_0\"));          }        }      } else {        document.addEventListener('DOMContentLoaded', function() {          if( typeof bwg_main_ready == 'function' ) {            if ( jQuery(\"#bwg_container1_0\").height() ) {             bwg_main_ready(jQuery(\"#bwg_container1_0\"));            }          }        });      }    <\/script>    \n<p>Unsere R\u00e4ume mit 50 &#8211; 180 m\u00b2 eignen sich f\u00fcr kleine und mittlere Veranstaltungen. Bei passendem Wetter k\u00f6nnen die Au\u00dfenanlagen mitbenutzt werden. \u00dcbernachtung und Verpflegung nach Absprache. Die Preisliste dient der Orientierung, wir erstellen Ihnen gerne ein individuelles Angebot.<\/p>\n\n<table id=\"tablepress-6\" class=\"tablepress tablepress-id-6 tbody-has-connected-cells\">\n<thead>\n<tr class=\"row-1\">\n\t<th class=\"column-1\">Mietdauer<\/th><th class=\"column-2\">Dojo<br \/>\nMo - Fr<\/th><th class=\"column-3\">Dojo<br \/>\nSa + So<\/th><td class=\"column-4\"><\/td><th class=\"column-5\">Raum 19\/1<br \/>\nMo - Fr<\/th><th class=\"column-6\">Raum 19\/1<br \/>\nSa + So<\/th>\n<\/tr>\n<\/thead>\n<tbody class=\"row-striping row-hover\">\n<tr class=\"row-2\">\n\t<td class=\"column-1\">3 Stunden<\/td><td class=\"column-2\">60 \u20ac<\/td><td class=\"column-3\">80 \u20ac<\/td><td class=\"column-4\"><\/td><td class=\"column-5\">40 \u20ac<\/td><td class=\"column-6\">50 \u20ac<\/td>\n<\/tr>\n<tr class=\"row-3\">\n\t<td class=\"column-1\">\u00bd Tag<\/td><td class=\"column-2\">90 \u20ac<\/td><td class=\"column-3\">150 \u20ac<\/td><td class=\"column-4\"><\/td><td class=\"column-5\">60 \u20ac<\/td><td class=\"column-6\">90 \u20ac<\/td>\n<\/tr>\n<tr class=\"row-4\">\n\t<td class=\"column-1\">1 Tag<\/td><td class=\"column-2\">150 \u20ac<\/td><td class=\"column-3\">200 \u20ac<\/td><td class=\"column-4\"><\/td><td class=\"column-5\">100 \u20ac<\/td><td class=\"column-6\">150 \u20ac<\/td>\n<\/tr>\n<tr class=\"row-5\">\n\t<td class=\"column-1\">Woche<br \/>\nMontag bis Freitag<\/td><td class=\"column-2\">n.V. \u20ac<\/td><td class=\"column-3\"><\/td><td class=\"column-4\"><\/td><td class=\"column-5\">n.V. \u20ac<\/td><td class=\"column-6\"><\/td>\n<\/tr>\n<tr class=\"row-6\">\n\t<td class=\"column-1\">Wochenende<br \/>\nSamstag &amp; Sonntag<\/td><td class=\"column-2\"><\/td><td class=\"column-3\">400 \u20ac<\/td><td class=\"column-4\"><\/td><td class=\"column-5\"><\/td><td class=\"column-6\">250 \u20ac<\/td>\n<\/tr>\n<tr class=\"row-7\">\n\t<td colspan=\"6\" class=\"column-1\">Sonderw\u00fcnsche, Zubeh\u00f6r, Medientechnik nach Absprache.<\/td>\n<\/tr>\n<\/tbody>\n<tfoot>\n<tr class=\"row-8\">\n\t<th colspan=\"6\" class=\"column-1\">Diese Position sind nicht mehrwertsteuerabzugsf\u00e4hig.<\/th>\n<\/tr>\n<\/tfoot>\n<\/table>\n<!-- #tablepress-6 from cache -->\n\n<h4>Anfragen &amp; Buchungen<\/h4>\n<p>eMail: stiftung [at] linksambach.de<\/p>\n<hr \/>\n<p><br \/>\n<a href=\"https:\/\/www.linksambach.de\/?page_id=4&amp;print=1\" title=\"Drucken\" rel=\"nofollow\"><img decoding=\"async\" class=\"WP-PrintIcon\" src=\"https:\/\/www.linksambach.de\/wp-content\/plugins\/wp-print\/images\/printer_famfamfam.gif\" alt=\"Drucken\" title=\"Drucken\" style=\"border: 0px;\" \/><\/a><\/p>\n","protected":false},"excerpt":{"rendered":"<p>Unsere R\u00e4ume mit 50 &#8211; 180 m\u00b2 eignen sich f\u00fcr kleine und mittlere Veranstaltungen. Bei passendem Wetter k\u00f6nnen die Au\u00dfenanlagen mitbenutzt werden. \u00dcbernachtung und Verpflegung nach Absprache. Die Preisliste dient der Orientierung, wir erstellen Ihnen gerne ein individuelles Angebot.<\/p>\n","protected":false},"author":1,"featured_media":0,"parent":0,"menu_order":0,"comment_status":"closed","ping_status":"closed","template":"","meta":{"footnotes":""},"class_list":["post-4","page","type-page","status-publish","hentry"],"_links":{"self":[{"href":"https:\/\/www.linksambach.de\/index.php?rest_route=\/wp\/v2\/pages\/4","targetHints":{"allow":["GET"]}}],"collection":[{"href":"https:\/\/www.linksambach.de\/index.php?rest_route=\/wp\/v2\/pages"}],"about":[{"href":"https:\/\/www.linksambach.de\/index.php?rest_route=\/wp\/v2\/types\/page"}],"author":[{"embeddable":true,"href":"https:\/\/www.linksambach.de\/index.php?rest_route=\/wp\/v2\/users\/1"}],"replies":[{"embeddable":true,"href":"https:\/\/www.linksambach.de\/index.php?rest_route=%2Fwp%2Fv2%2Fcomments&post=4"}],"version-history":[{"count":29,"href":"https:\/\/www.linksambach.de\/index.php?rest_route=\/wp\/v2\/pages\/4\/revisions"}],"predecessor-version":[{"id":1149,"href":"https:\/\/www.linksambach.de\/index.php?rest_route=\/wp\/v2\/pages\/4\/revisions\/1149"}],"wp:attachment":[{"href":"https:\/\/www.linksambach.de\/index.php?rest_route=%2Fwp%2Fv2%2Fmedia&parent=4"}],"curies":[{"name":"wp","href":"https:\/\/api.w.org\/{rel}","templated":true}]}}