{"id":695,"date":"2018-05-25T12:16:30","date_gmt":"2018-05-25T10:16:30","guid":{"rendered":"http:\/\/linksambach.com\/?page_id=695"},"modified":"2025-02-11T17:07:32","modified_gmt":"2025-02-11T15:07:32","slug":"impressum-2-2","status":"publish","type":"page","link":"https:\/\/www.linksambach.de\/?page_id=695","title":{"rendered":"<H3>Datenschutzerkl\u00e4rung<\/H3>"},"content":{"rendered":"<p>Die Betreiber dieser Seiten nehmen den Schutz Ihrer pers\u00f6nlichen Daten sehr ernst. Wir behandeln Ihre personenbezogenen Daten vertraulich und entsprechend der gesetzlichen Datenschutzvorschriften sowie dieser Datenschutzerkl\u00e4rung.<br \/>Wenn Sie diese Website benutzen, werden unter Umst\u00e4nden personenbezogene Daten erhoben. Personenbezogene Daten sind solche, mit denen Sie pers\u00f6nlich identifiziert werden k\u00f6nnen. Die vorliegende Datenschutzerkl\u00e4rung erl\u00e4utert, welche Daten wir erheben und wof\u00fcr wir sie nutzen. Sie erl\u00e4utert auch, wie und zu welchem Zweck das geschieht.<br \/>Wenn personenbezogene Daten von Ihnen verarbeitet werden, sind Sie eine betroffene Person im Sinne der DSGVO. Weiter unten geben wir Ihnen einen \u00dcberblick \u00fcber die Rechte, die Ihnen in diesem Fall zustehen. <br \/>Wenn Sie uns gegen\u00fcber Ihre Rechte geltend machen wollen, gen\u00fcgt eine E-Mail an bohle@mh-zh.de.<\/p>\n<h3 id=\"dsg-general-controller\">Verantwortlicher<\/h3>\n<p><span class=\"tsmcontroller\">im Sinne der Datenschutz-Grundverordnung und anderer nationaler Datenschutzgesetze der Mitgliedsstaaten sowie sonstiger datenschutzrechtlicher Bestimmungen:<\/span><\/p>\n<p><span class=\"tsmcontroller\">Urs Kaiser<br \/>linksambach Stiftung<br \/>Linkstra\u00dfe 19<br \/>73230 Kirchheim unter Teck<br \/><\/span><\/p>\n<h3 id=\"dsg-general-controller\">Datenschutzbeauftragter<\/h3>\n<p><span class=\"tsmcontroller\">Der Datenschutzbeauftragte des Verantwortlichen ist:<\/span><\/p>\n<p><span class=\"tsmcontroller\">Urs Kaiser<br \/>linksambach Stiftung<br \/>Linkstra\u00dfe 19<br \/>73230 Kirchheim unter Teck<br \/><\/span><\/p>\n<h3 id=\"dsg-general-datatype\">Allgemeines zur Datenverarbeitung<\/h3>\n<p>Umfang der Verarbeitung personenbezogener Daten<br \/>Wir erheben und verwenden personenbezogene Daten unserer Nutzer grunds\u00e4tzlich nur, soweit dies zur Bereitstellung einer funktionsf\u00e4higen Website sowie unserer Inhalte und Leistungen erforderlich ist. Die Erhebung und Verwendung personenbezogener Daten unserer Nutzer erfolgt regelm\u00e4\u00dfig nur nach Einwilligung des Nutzers. Eine Ausnahme gilt in solchen F\u00e4llen, in denen eine vorherige Einholung einer Einwilligung aus tats\u00e4chlichen Gr\u00fcnden nicht m\u00f6glich ist und die Verarbeitung der Daten durch gesetzliche Vorschriften gestattet ist. <br \/>Rechtsgrundlage f\u00fcr die Verarbeitung personenbezogener Daten<br \/>Soweit wir f\u00fcr Verarbeitungsvorg\u00e4nge personenbezogener Daten eine Einwilligung der betroffenen Person einholen, dient Art. 6 Abs. 1 lit. a EU-Datenschutzgrundverordnung (DSGVO) als Rechtsgrundlage.<br \/>Bei der Verarbeitung von personenbezogenen Daten, die zur Erf\u00fcllung eines Vertrages, dessen Vertragspartei die betroffene Person ist, erforderlich ist, dient Art. 6 Abs. 1 lit. b DSGVO als Rechtsgrundlage. Dies gilt auch f\u00fcr Verarbeitungsvorg\u00e4nge, die zur Durchf\u00fchrung vorvertraglicher Ma\u00dfnahmen erforderlich sind.<br \/>Soweit eine Verarbeitung personenbezogener Daten zur Erf\u00fcllung einer rechtlichen Verpflichtung erforderlich ist, der unser Unternehmen unterliegt, dient Art. 6 Abs. 1 lit. c DSGVO als Rechtsgrundlage.<br \/>F\u00fcr den Fall, dass lebenswichtige Interessen der betroffenen Person oder einer anderen nat\u00fcrlichen Person eine Verarbeitung personenbezogener Daten erforderlich machen, dient Art. 6 Abs. 1 lit. d DSGVO als Rechtsgrundlage.<br \/>Ist die Verarbeitung zur Wahrung eines berechtigten Interesses unseres Unternehmens oder eines Dritten erforderlich und \u00fcberwiegen die Interessen, Grundrechte und Grundfreiheiten des Betroffenen das erstgenannte Interesse nicht, so dient Art. 6 Abs. 1 lit. f DSGVO als Rechtsgrundlage f\u00fcr die Verarbeitung. <br \/>Datenl\u00f6schung und Speicherdauer<br \/>Die personenbezogenen Daten der betroffenen Person werden gel\u00f6scht oder gesperrt, sobald der Zweck der Speicherung entf\u00e4llt. Eine Speicherung kann dar\u00fcber hinaus erfolgen, wenn dies durch den europ\u00e4ischen oder nationalen Gesetzgeber in unionsrechtlichen Verordnungen, Gesetzen oder sonstigen Vorschriften, denen der Verantwortliche unterliegt, vorgesehen wurde. Eine Sperrung oder L\u00f6schung der Daten erfolgt auch dann, wenn eine durch die genannten Normen vorgeschriebene Speicherfrist abl\u00e4uft, es sei denn, dass eine Erforderlichkeit zur weiteren Speicherung der Daten f\u00fcr einen Vertragsabschluss oder eine Vertragserf\u00fcllung besteht.<br \/>Bereitstellung der Website und Erstellung von Logfiles<br \/>Beschreibung und Umfang der Datenverarbeitung<br \/>Bei jedem Aufruf unserer Internetseite protokolliert der Webserver jeden einzelnen Zugriff auf ein Element (z. B. eine HTML-Datei oder ein Bild) derselben. Auch gescheiterte oder verweigerte Zugriffe (z. B. wg. Passwortschutz) werden notiert. <br \/>Unser Webserver speichert folgende Informationen in Logfiles: <br \/>Informationen \u00fcber den Browsertyp und die verwendete Version<br \/>Die IP-Adresse des Nutzers (anonymisiert)<br \/>Datum und Uhrzeit des Zugriffs<br \/>Aufgerufenes Element (Internetseite, Bild)<br \/>Zugriffsstatus\/HTTP-Statuscode<br \/>\u00fcbertragene Datenmenge <br \/>In den Logfiles wird der Hostname bzw. die IP-Adresse des Clients, der die Website aufruft, anonymisiert. Eine Speicherung dieser Daten zusammen mit anderen personenbezogenen Daten des Nutzers findet nicht statt.<br \/>Rechtsgrundlage f\u00fcr die Datenverarbeitung<br \/>Rechtsgrundlage f\u00fcr die vor\u00fcbergehende Speicherung der Daten und der Logfiles ist Art. 6 Abs. 1 lit. f DSGVO.<br \/>Zweck der Datenverarbeitung<br \/>Die vor\u00fcbergehende Speicherung der IP-Adresse durch das System ist notwendig, um eine Auslieferung der Website an den Rechner des Nutzers zu erm\u00f6glichen. Hierf\u00fcr muss die IP-Adresse des Nutzers f\u00fcr die Dauer der Sitzung gespeichert bleiben. <br \/>Die Speicherung in Logfiles erfolgt, um die Funktionsf\u00e4higkeit der Website sicherzustellen. Zudem dienen uns die Daten zur Optimierung der Website und zur Sicherstellung der Sicherheit unserer informationstechnischen Systeme. Eine Auswertung der Daten zu Marketingzwecken findet in diesem Zusammenhang nicht statt. <br \/>In diesen Zwecken liegt auch unser berechtigtes Interesse an der Datenverarbeitung nach Art. 6 Abs. 1 lit. f DSGVO.<br \/>Dauer der Speicherung<br \/>Die Daten werden gel\u00f6scht, sobald sie f\u00fcr die Erreichung des Zweckes ihrer Erhebung nicht mehr erforderlich sind. Im Falle der Erfassung der Daten zur Bereitstellung der Website ist dies der Fall, wenn die jeweilige Sitzung beendet ist. <br \/>Im Falle der Speicherung der Daten in Logfiles ist dies nach sp\u00e4testens sieben Tagen der Fall. Eine dar\u00fcberhinausgehende Speicherung ist m\u00f6glich. In diesem Fall werden die IP-Adressen der Nutzer anonymisiert, sodass eine Zuordnung des aufrufenden Clients nicht mehr m\u00f6glich ist.<br \/>Widerspruchs- und Beseitigungsm\u00f6glichkeit<br \/>Die Erfassung der Daten zur Bereitstellung der Website und die Speicherung der Daten in Logfiles sind f\u00fcr den Betrieb der Internetseite zwingend erforderlich. Es besteht folglich seitens des Nutzers keine Widerspruchsm\u00f6glichkeit. <br \/>Cookies<br \/>Auf der Webseite werden sog. Cookies eingesetzt. Das sind Datenpakete, die zwischen dem Server dieser Website und dem Browser des Besuchers ausgetauscht werden. Diese werden beim Besuch der Webseite von den jeweils verwendeten Ger\u00e4ten (PC, Notebook, Tablet, Smartphone etc.) gespeichert. Cookies k\u00f6nnen insoweit keine Sch\u00e4den auf den verwendeten Ger\u00e4ten anrichten. Insbesondere enthalten sie keine Viren oder sonstige Schadsoftware. In den Cookies werden Informationen abgelegt, die sich jeweils im Zusammenhang mit dem spezifisch eingesetzten Endger\u00e4t ergeben. Wir k\u00f6nnen damit keinesfalls unmittelbar Kenntnis von der Identit\u00e4t der Besucher unserer Webseite erhalten.<br \/>Sie k\u00f6nnen Ihren Browser so einrichten, dass er Cookies ablehnt. Wir weisen darauf hin, dass in diesem Fall nicht alle Funktionen der Webseite bestm\u00f6glich genutzt werden k\u00f6nnen.<br \/>Google Maps<br \/>Auf unserer Kontakt-Seite binden wir Google Maps ein. Der Kartendienst wird nur geladen, wenn Sie sich ausdr\u00fccklich einverstanden erkl\u00e4ren und die entsprechende Schaltfl\u00e4che anklicken (Opt-In).<br \/>Anbieter des Kartendienstes ist die Google Inc., 1600 Amphitheatre Parkway, Mountain View, CA 94043, USA. Wenn Sie Google Maps verwenden, wird Ihre IP Adresse in der Regel an einen Server von Google in den USA \u00fcbertragen und dort gespeichert. Wir haben als Betreiber unserer Website keinen Einfluss auf Daten\u00fcbertragung und die weitere Datenverarbeitung durch Google.<br \/>Wenn Sie Google Maps verwenden, wird von Google ein NID-Cookie auf Ihrem Rechner gespeichert. Der NID-Cookie enth\u00e4lt eine eindeutige ID, \u00fcber die Google die bevorzugten Einstellungen und andere Informationen der Nutzer speichert.<br \/>Google Maps setzt folgende Cookies ihn Ihrem Browser:<br \/>Name: NID<br \/>Type: Permanent<br \/>Domain: .google.com<br \/>Expires: 6 months <br \/>Name: CONSENT<br \/>Type: Permanent<br \/>Domain: .google.com<br \/>Expires: infinite <br \/>Name: OTZ<br \/>Type: Permanent<br \/>Domain: www.google.com<br \/>Expires: 1 month <br \/>Name: OGPC<br \/>Type: Permanent<br \/>Domain: .google.com<br \/>Expires: 2 months<\/p>\n<h3 id=\"dsg-general-datasubjects\">Rechtsgrundlage f\u00fcr die Datenverarbeitung<\/h3>\n<p>Die Nutzung von Google Maps erfolgt im Interesse einer ansprechenden Darstellung unserer Online-Angebote und an einer leichten Auffindbarkeit der von uns auf der Website angegebenen Orte. Dies stellt ein berechtigtes Interesse im Sinne von Art. 6 Abs. 1 lit. f DSGVO dar.<br \/>Die durch Cookies verarbeiteten Daten sind f\u00fcr die o. g. Zwecke zur Wahrung unserer berechtigten Interessen nach Art. 6 Abs. 1 Satz 1 Buchst. f) DSGVO gerechtfertigt.<\/p>\n<p><strong>Kontaktaufnahme \u00fcber die bereitgestellte E-Mail-Adresse<\/strong><br \/>Im Falle einer Kontaktaufnahme \u00fcber die bereitgestellte E-Mail-Adresse werden die mit der E-Mail \u00fcbermittelten personenbezogenen Daten des Nutzers gespeichert. Es erfolgt in diesem Zusammenhang keine Weitergabe der Daten an Dritte. Die Daten werden ausschlie\u00dflich zur Kommunikation untereinander verwendet.<\/p>\n<p><strong>Rechtsgrundlage f\u00fcr die Datenverarbeitung<\/strong> <br \/>Rechtsgrundlage f\u00fcr die Verarbeitung der Daten, die im Zuge einer \u00dcbersendung einer E-Mail \u00fcbermittelt werden, ist Art. 6 Abs. 1 lit. f DSGVO. Zielt der E-Mail-Kontakt auf den Abschluss eines Vertrages ab, so ist zus\u00e4tzliche Rechtsgrundlage f\u00fcr die Verarbeitung Art. 6 Abs. 1 lit. b DSGVO.<\/p>\n<p><strong>Zweck der Datenverarbeitung<\/strong><br \/>Die Verarbeitung der personenbezogenen Daten dient uns allein zur Kommunikation untereinander. Hieran liegt auch das erforderliche berechtigte Interesse an der Verarbeitung der Daten.<\/p>\n<p><strong>Dauer der Speicherung,<\/strong><\/p>\n<p><strong>Widerspruchs- und Beseitigungsm\u00f6glichkeit<\/strong><br \/>Der Nutzer hat jederzeit die M\u00f6glichkeit, seine Einwilligung zur Verarbeitung der personenbezogenen Daten zur Kommunikation untereinander zu widerrufen und l\u00f6schen zu lassen. Nimmt der Nutzer per E-Mail Kontakt mit uns auf, so kann er der Speicherung seiner personenbezogenen Daten jederzeit widersprechen. Alle personenbezogenen Daten, die im Zuge der Kontaktaufnahme gespeichert wurden, werden in diesem Fall gel\u00f6scht.<\/p>\n<p><strong>Anmeldung zu Fort- und Weiterbildungen<\/strong><\/p>\n<p><strong>Beschreibung und Umfang der Datenverarbeitung<\/strong><br \/>Auf unserer Internetseite bieten wir Nutzern die M\u00f6glichkeit, sich unter Angabe personenbezogener Daten f\u00fcr Fort- und Weiterbildungen anzumelden. Die Daten werden dabei in eine Eingabemaske eingegeben und an uns \u00fcbermittelt und gespeichert. Eine Weitergabe der Daten an Dritte findet nicht statt. <br \/>Folgende Daten werden im Rahmen des Registrierungsprozesses erhoben:<\/p>\n<p>Vorname<br \/>Nachname<br \/>Anschrift (privat)<br \/>Telefon<br \/>E-Mail<br \/>Geburtsdatum \/ Geburtsort<br \/>T\u00e4tigkeit<br \/>Arbeitsstelle<br \/>Anschrift Arbeitsstelle<br \/>Meine Motivation f\u00fcr die Teilnahme an der Weiterbildung<\/p>\n<p>Im Rahmen des Registrierungsprozesses wird eine Einwilligung des Nutzers zur Verarbeitung dieser Daten eingeholt.<\/p>\n<p><strong>Rechtsgrundlage f\u00fcr die Datenverarbeitung<\/strong> <br \/>Rechtsgrundlage f\u00fcr die Verarbeitung der Daten ist bei Vorliegen einer Einwilligung des Nutzers Art. 6 Abs. 1 lit. a DSGVO. Dient die Registrierung der Durchf\u00fchrung vorvertraglicher Ma\u00dfnahmen, so ist zus\u00e4tzliche Rechtsgrundlage f\u00fcr die Verarbeitung der Daten Art. 6 Abs. 1 lit. b DSGVO.<\/p>\n<p><strong>Zweck der Datenverarbeitung<\/strong><br \/>Eine Registrierung des Nutzers ist zur Durchf\u00fchrung vorvertraglicher Ma\u00dfnahmen erforderlich. Die in den Formularen als Pflichtfelder markierten Angaben \u00fcber Ihre Person sind notwendig, damit wir den Anmeldeprozess durchf\u00fchren k\u00f6nnen. Wenn Sie ein entsprechendes Formular ausf\u00fcllen, um sich f\u00fcr eine Fort- oder Weiterbildung bei uns anzumelden, m\u00fcssen wir Ihre Daten im Rahmen des Anmeldeprozesses verarbeiten.<\/p>\n<p><strong>Dauer der Speicherung<\/strong><br \/>Die Daten werden gel\u00f6scht, sobald sie f\u00fcr die Erreichung des Zweckes ihrer Erhebung nicht mehr erforderlich sind. Dies ist f\u00fcr die w\u00e4hrend des Anmeldevorgangs erhobenen Daten dann der Fall, wenn die Daten f\u00fcr die Durchf\u00fchrung des Vertrages nicht mehr erforderlich sind. Auch nach Abschluss des Vertrags kann eine Erforderlichkeit, personenbezogene Daten des Vertragspartners zu speichern, bestehen, um vertraglichen oder gesetzlichen Verpflichtungen nachzukommen.<\/p>\n<p><strong>Widerspruchs- und Beseitigungsm\u00f6glichkeit<\/strong><br \/>Als Nutzer haben sie jederzeit die M\u00f6glichkeit, die Registrierung aufzul\u00f6sen. Die \u00fcber Sie gespeicherten Daten k\u00f6nnen Sie jederzeit ab\u00e4ndern lassen. Eine vorzeitige L\u00f6schung der Daten st allerdings nur m\u00f6glich, soweit nicht vertragliche oder gesetzliche Verpflichtungen einer L\u00f6schung entgegenstehen. Bitte setzen Sie sich in diesem Fall mit dem Verantwortlichen (siehe oben) in Verbindung.<\/p>\n<p><strong>Newsletter<\/strong><br \/>Wenn Sie den auf der Webseite angebotenen Newsletter beziehen m\u00f6chten, ben\u00f6tigen wir von Ihnen eine E-Mail-Adresse sowie Informationen, welche uns die \u00dcberpr\u00fcfung gestatten, dass Sie der Inhaber der angegebenen E-Mail-Adresse und mit dem Empfang des Newsletters einverstanden sind.<br \/>Zur Gew\u00e4hrleistung einer einverst\u00e4ndlichen Newsletter-Versendung nutzen wir das sogenannte Double-Opt-in-Verfahren. Im Zuge dessen l\u00e4sst sich der potentielle Empf\u00e4nger in einen Verteiler aufnehmen. Anschlie\u00dfend erh\u00e4lt der Nutzer durch eine Best\u00e4tigungs-E-Mail die M\u00f6glichkeit, die Anmeldung rechtssicher zu best\u00e4tigen. Nur wenn die Best\u00e4tigung erfolgt, wird die Adresse aktiv in den Verteiler aufgenommen.<br \/>Diese Daten verwenden wir ausschlie\u00dflich f\u00fcr den Versand der angeforderten Informationen und Angebote.<br \/>Als Newsletter Software wird Newsletter2Go verwendet. Ihre Daten werden dabei an die Newsletter2Go GmbH \u00fcbermittelt. Newsletter2Go ist es dabei untersagt, Ihre Daten zu verkaufen und f\u00fcr andere Zwecke, als f\u00fcr den Versand von Newslettern zu nutzen. Newsletter2Go ist ein deutscher, zertifizierter Anbieter, welcher nach den Anforderungen der Datenschutz-Grundverordnung und des Bundesdatenschutzgesetzes ausgew\u00e4hlt wurde.<br \/>Weitere Informationen finden Sie hier: https:\/\/www.newsletter2go.de\/informationen-newsletter-empfaenger\/<br \/>Die erteilte Einwilligung zur Speicherung der Daten, der E-Mail-Adresse sowie deren Nutzung zum Versand des Newsletters k\u00f6nnen Sie jederzeit widerrufen, etwa \u00fcber den &#8222;Abmelden&#8220;-Link im Newsletter.<br \/>Die datenschutzrechtlichen Ma\u00dfnahmen unterliegen stets technischen Erneuerungen aus diesem Grund bitten wir Sie, sich \u00fcber unsere Datenschutzma\u00dfnahmen in regelm\u00e4\u00dfigen Abst\u00e4nden durch Einsichtnahme in unsere Datenschutzerkl\u00e4rung zu informieren.<br \/><strong>Rechtsgrundlagen Datenschutzgrundverordnung<\/strong><br \/>Entsprechend den Vorgaben der ab dem 25. Mai 2018 geltenden Datenschutzgrundverordnung (DSGVO) informieren wir Sie, dass die Einwilligungen in den Versand der E-Mailadressen auf Grundlage der Art. 6 Abs. 1 lit. a, 7 DSGVO sowie \u00a7 7 Abs. 2 Nr. 3, bzw. Abs. 3 UWG erfolgt. Der Einsatz des Versanddienstleisters Newsletter2Go, die Durchf\u00fchrung der statistischen Erhebungen und Analysen sowie die Protokollierung des Anmeldeverfahrens erfolgen auf Grundlage unserer berechtigten Interessen gem. Art. 6 Abs. 1 lit. f DSGVO. Unser Interesse richtet sich auf den Einsatz eines nutzerfreundlichen sowie sicheren Newsletter-Systems, das sowohl unseren gesch\u00e4ftlichen Interessen dient, als auch den Erwartungen der Nutzer entspricht.<br \/>Wir weisen Sie ferner darauf hin, dass Sie der k\u00fcnftigen Verarbeitung Ihrer personenbezogenen Daten entsprechend den gesetzlichen Vorgaben gem. Art. 21 DSGVO jederzeit widersprechen k\u00f6nnen. Der Widerspruch kann insbesondere gegen die Verarbeitung f\u00fcr Zwecke der Direktwerbung erfolgen.<\/p>\n<p><strong>Ihre Rechte als betroffene Person<\/strong><br \/>Werden personenbezogene Daten von Ihnen verarbeitet, sind Sie eine betroffene Person i.S.d. DSGVO. Im Folgenden m\u00f6chten wir Ihnen einen ersten \u00dcberblick \u00fcber die Rechte geben, die Ihnen zustehen. Weitere Informationen finden Sie im Gesetzestext:<br \/>http:\/\/eur-lex.europa.eu\/legal-content\/DE\/TXT\/?uri=celex:32016R0679<br \/>Wenn Sie uns gegen\u00fcber Ihre Rechte geltend machen wollen, gen\u00fcgt eine E-Mail an: bohle@mh-zh.de.de<\/p>\n<p><strong>Betroffenenrechte und Beschwerderecht<\/strong><br \/>Sie k\u00f6nnen Auskunft dar\u00fcber verlangen, welche personenbezogenen Daten wir von Ihnen verarbeiten (Art. 15 DSGVO). Zudem k\u00f6nnen Sie Auskunft dar\u00fcber verlangen,<br \/>\u2022 wie wir mit diesen Daten verfahren,<br \/>\u2022 \u00fcber die Herkunft Ihrer Daten, sofern sie nicht bei uns erhoben wurden,<br \/>\u2022 ob eine automatisierte Entscheidungsfindung besteht (einschlie\u00dflich Profiling) und, falls zutreffend, was sie beinhaltet.<br \/>Sie k\u00f6nnen die unverz\u00fcgliche Korrektur unrichtiger oder unvollst\u00e4ndiger personenbezogener Daten, sofern sie bei uns gespeichert sind, verlangen (Art. 16 DSGVO).<br \/>Sie k\u00f6nnen die L\u00f6schung Ihrer bei uns gespeicherten personenbezogenen Daten verlangen (Art. 17 DSGVO). Dieses Recht wird allerdings eingeschr\u00e4nkt, wenn die Verarbeitung Ihrer Daten aus folgenden Gr\u00fcnden erforderlich ist:<br \/>\u2022 zur Aus\u00fcbung des Rechts auf freie Meinungs\u00e4u\u00dferung und Information<br \/>\u2022 zur Erf\u00fcllung einer rechtlichen Verpflichtung<br \/>\u2022 aus Gr\u00fcnden des \u00f6ffentlichen Interesses<br \/>\u2022 zur Geltendmachung, Aus\u00fcbung oder Verteidigung von Rechtsanspr\u00fcchen<br \/>Sie k\u00f6nnen die Einschr\u00e4nkung der Verarbeitung Ihrer personenbezogenen Daten verlangen (Art. 18 DSGVO ). <br \/>Sie k\u00f6nnen fordern, dass wir Ihnen oder einem Verantwortlichen Ihre bei uns gespeicherten personenbezogenen Daten in strukturierter, maschinenlesebarer Form \u00fcbermitteln (Art. 20 DSGVO). <br \/>Sie k\u00f6nnen Widerspruch gegen die Verarbeitung Ihrer personenbezogenen Daten einlegen (Art. 21 DSGVO).<br \/>Sie k\u00f6nnen sich bei einer Aufsichtsbeh\u00f6rde beschweren (Art. 77 DSGVO).<\/p>\n<p><strong>Widerrufsrecht bei Verarbeitung aufgrund einer Einwilligung<\/strong><br \/>Sofern wir Ihre personenbezogenen Daten aufgrund einer Einwilligung Ihrerseits verarbeiten (z.B. Kontaktformular), haben Sie gem\u00e4\u00df Art. 6 Abs. 1 S. 1 lit. a DSGVO das Recht, Ihre Einwilligung ohne Angabe von Gr\u00fcnden zu widerrufen. Infolgedessen d\u00fcrfen wir die Datenverarbeitung, die auf dieser Einwilligung beruhte, nicht mehr fortsetzen. Bitte beachten Sie, dass die Rechtm\u00e4\u00dfigkeit der Verarbeitung, die aufgrund der Einwilligung bis zum Widerruf erfolgte, von einem solchen Widerruf nicht ber\u00fchrt wird.<\/p>\n<p><strong>Widerspruchsrecht<\/strong><br \/>Sie sind gem\u00e4\u00df Art. 21 DSGVO berechtigt, Widerspruch gegen die Verarbeitung Ihrer personenbezogenen Daten einzulegen, soweit diese Daten auf der Grundlage berechtigten Interesses gem\u00e4\u00df Art. 6 Abs. 1 S. 1 lit. f DSGVO verarbeitet werden und f\u00fcr Ihren Widerspruch Gr\u00fcnde vorliegen, die sich aus Ihrer besonderen Situation ergeben. <br \/>Im Falle von Direktwerbung haben Sie ein generelles Widerspruchsrecht, das Sie nicht weiter begr\u00fcnden m\u00fcssen.<\/p>\n<p>\u00a9 2025 linksambach Stiftung<\/p>\n<h3 id=\"dsg-thirdparty-openstreetmap\">\u00a0<\/h3>\n\n\n<p><\/p>\n","protected":false},"excerpt":{"rendered":"<p>Die Betreiber dieser Seiten nehmen den Schutz Ihrer pers\u00f6nlichen Daten sehr ernst. Wir behandeln Ihre personenbezogenen Daten vertraulich und entsprechend der gesetzlichen Datenschutzvorschriften sowie dieser Datenschutzerkl\u00e4rung.Wenn Sie diese Website benutzen, werden unter Umst\u00e4nden personenbezogene Daten erhoben. Personenbezogene Daten sind solche, mit denen Sie pers\u00f6nlich identifiziert werden k\u00f6nnen. Die vorliegende Datenschutzerkl\u00e4rung erl\u00e4utert, welche Daten wir erheben [&hellip;]<\/p>\n","protected":false},"author":1,"featured_media":0,"parent":0,"menu_order":0,"comment_status":"closed","ping_status":"closed","template":"","meta":{"footnotes":""},"class_list":["post-695","page","type-page","status-publish","hentry"],"_links":{"self":[{"href":"https:\/\/www.linksambach.de\/index.php?rest_route=\/wp\/v2\/pages\/695","targetHints":{"allow":["GET"]}}],"collection":[{"href":"https:\/\/www.linksambach.de\/index.php?rest_route=\/wp\/v2\/pages"}],"about":[{"href":"https:\/\/www.linksambach.de\/index.php?rest_route=\/wp\/v2\/types\/page"}],"author":[{"embeddable":true,"href":"https:\/\/www.linksambach.de\/index.php?rest_route=\/wp\/v2\/users\/1"}],"replies":[{"embeddable":true,"href":"https:\/\/www.linksambach.de\/index.php?rest_route=%2Fwp%2Fv2%2Fcomments&post=695"}],"version-history":[{"count":18,"href":"https:\/\/www.linksambach.de\/index.php?rest_route=\/wp\/v2\/pages\/695\/revisions"}],"predecessor-version":[{"id":1022,"href":"https:\/\/www.linksambach.de\/index.php?rest_route=\/wp\/v2\/pages\/695\/revisions\/1022"}],"wp:attachment":[{"href":"https:\/\/www.linksambach.de\/index.php?rest_route=%2Fwp%2Fv2%2Fmedia&parent=695"}],"curies":[{"name":"wp","href":"https:\/\/api.w.org\/{rel}","templated":true}]}}