{"id":79,"date":"2014-06-12T15:27:08","date_gmt":"2014-06-12T13:27:08","guid":{"rendered":"http:\/\/linksambach.com\/?page_id=79"},"modified":"2025-02-11T17:09:51","modified_gmt":"2025-02-11T15:09:51","slug":"anfahrt","status":"publish","type":"page","link":"https:\/\/www.linksambach.de\/?page_id=79","title":{"rendered":"<H3>Anfahrt<\/H3>"},"content":{"rendered":"<p><strong>per Bahn<\/strong>: Die S-Bahn Linie 1 (Haltestelle \u00d6tlingen) ist ca. 5 Fu\u00dfminuten von linksambach entfernt.<\/p>\n<p><strong>per pedes<\/strong>: Jakobswegpilger von Bodelshofen flu\u00dfaufw\u00e4rts am Lauterufer bis zur Isolde-Kurz-Stra\u00dfe. Hier \u00fcber die Br\u00fccke und bis zur Linkstra\u00dfe.<\/p>\n<p><strong>per Auto<\/strong>: Autobahn A8 Stuttgart \u2013 M\u00fcnchen Ausfahrt Kirchheim-West. Sie fahren geradeaus bis zur Stuttgarter Stra\u00dfe, dann links nach \u00d6tlingen.<\/p>\n<h4>linksambach \u2022 Linkstrasse 19 \u2022 73230 Kirchheim-\u00d6tlingen<\/h4>\n<h5>Tel. 07021 44644 \u2022 seminarhaus [at] linksambach.de \u2022 www.linksambach.de<\/h5>\n<p><img decoding=\"async\" src=\"http:\/\/linksambach.com\/wp-content\/uploads\/2014\/06\/anfahrt.png\" alt=\"\" border=\"0\" \/><br \/>\n<br \/>\n<div id=\"lmm_3ae95105\" style=\"width:640px;\" class=\"mapsmarker markermap marker-1\">\n<div id=\"lmm_panel_3ae95105\" class=\"lmm-panel\" style=\"background:#efefef;\">\n<div id=\"lmm_panel_api_3ae95105\" class=\"lmm-panel-api\"><a href=\"https:\/\/maps.google.com\/maps?daddr=Linkstra%C3%9Fe+19%2C+Kirchheim+unter+Teck%2C+Deutschland&amp;t=m&amp;layer=1&amp;doflg=ptk&amp;om=0\" target=\"_blank\" title=\"Wegbeschreibung berechnen\"><img loading=\"lazy\" decoding=\"async\" alt=\"icon-car.png\" src=\"https:\/\/www.linksambach.de\/wp-content\/plugins\/leaflet-maps-marker\/inc\/img\/icon-car.png\" width=\"14\" height=\"14\" class=\"lmm-panel-api-images\" \/><\/a><\/div><div id=\"lmm_panel_text_3ae95105\" class=\"lmm-panel-text\" style=\"font-weight:bold;color:#373737;\">linksambach<\/div><\/div>\n<div id=\"lmm_map_3ae95105\" class=\"lmm-map\" style=\"background:#f6f6f6;border:1px solid #ccc;height:408px; overflow:hidden;padding:0;\"><p style=\"font-size:80%;color:#9f9e9e;margin-left:5px;\">Karte wird geladen - bitte warten...<noscript><br\/><strong>Karte konnte nicht geladen werden - bitte aktivieren Sie Javascript!<\/strong><br\/><a style=\"text-decoration:none;\" href=\"https:\/\/www.mapsmarker.com\/js-disabled\" target=\"_blank\">&rarr; Weitere Informationen<\/a><\/noscript><\/p><\/div>\n<div id=\"lmm_geo_tags_3ae95105\" class=\"lmm-geo-tags geo\">\n<span class=\"paneltext\">linksambach<\/span>\n<span class=\"latitude\">48.657650<\/span>, <span class=\"longitude\">9.424960<\/span>\n<span class=\"popuptext\"><\/span>\n<\/div>\n<script type=\"text\/javascript\">\n\/* Maps created with Leaflet Maps Marker - #1 mapping plugin for WordPress (www.mapsmarker.com) *\/\nvar markermap_1 = {};\n(function($) {\nmarkermap_1 = new L.Map(\"lmm_map_3ae95105\", { dragging: true, touchZoom: true, scrollWheelZoom: true, doubleClickZoom: true, boxzoom: true, trackResize: true, worldCopyJump: true, closePopupOnClick: true, keyboard: true, keyboardPanOffset: 80, keyboardZoomOffset: 1, inertia: true, inertiaDeceleration: 3000, inertiaMaxSpeed: 1500, zoomControl: true, crs: L.CRS.EPSG3857});\nmarkermap_1.attributionControl.setPrefix(\"<a href=\\\"https:\/\/www.mapsmarker.com\/go\\\" target=\\\"_blank\\\" title=\\\"Leaflet Maps Marker f\u00fcr WordPress - hilft Ihnen dabei Ihre Lieblingspl\u00e4tze &amp; Routen auf vielf\u00e4ltigste Art und Weise im Web darzustellen\\\">MapsMarker.com<\/a> (<a href=\\\"http:\/\/www.leafletjs.com\\\" target=\\\"_blank\\\" title=\\\"Leaflet Maps Marker is based on Leaflet.js maintained by Vladimir Agafonkin\\\">Leaflet<\/a>\/<a href=\\\"https:\/\/mapicons.mapsmarker.com\\\" target=\\\"_blank\\\" title=\\\"Leaflet Maps Marker uses icons from the Maps Icons Collection maintained by Nicolas Mollet\\\">icons<\/a>)\");\nmarkermap_1._layersMaxZoom = 21;\nvar osm_mapnik = new L.TileLayer(\"https:\/\/{s}.tile.openstreetmap.org\/{z}\/{x}\/{y}.png\", {maxZoom: 21, maxNativeZoom: 19, minZoom: 1, errorTileUrl: \"https:\/\/www.linksambach.de\/wp-content\/plugins\/leaflet-maps-marker\/inc\/img\/error-tile-image.png\", attribution: \"Karte: &copy; <a href=\\\"https:\/\/www.openstreetmap.org\/copyright\\\" target=\\\"_blank\\\">OpenStreetMap-Mitwirkende<\/a>&nbsp;(<a href=\\\"https:\/\/www.openstreetmap.org\/edit?editor=id&amp;lat=48.657650&amp;lon=9.424960&zoom=13\\\" target=\\\"_blank\\\" title=\\\"Helfen Sie OpenStreetMap.org das Kartenmaterial zu verbessern\\\">Bearbeiten<\/a>)\", detectRetina: true});\nvar stamen_terrain = new L.TileLayer(\"https:\/\/stamen-tiles-{s}.a.ssl.fastly.net\/terrain\/{z}\/{x}\/{y}.png\", {maxZoom: 21, maxNativeZoom: 18, minZoom: 1, errorTileUrl: \"https:\/\/www.linksambach.de\/wp-content\/plugins\/leaflet-maps-marker\/inc\/img\/error-tile-image.png\", attribution: \"<a target=\\\"_blank\\\" href=\\\"http:\/\/maps.stamen.com\/\\\">Map tiles<\/a>: <a target=\\\"_blank\\\" href=\\\"http:\/\/stamen.com\\\">Stamen Design<\/a>, <a target=\\\"_blank\\\" href=\\\"https:\/\/creativecommons.org\/licenses\/by\/3.0\\\">CC BY 3.0<\/a>, Data &copy <a target=\\\"blank\\\" href=\\\"https:\/\/www.openstreetmap.org\/copyright\\\">OpenStreetMap-Mitwirkende<\/a>&nbsp;(<a href=\\\"https:\/\/www.openstreetmap.org\/edit?editor=id&amp;lat=48.657650&amp;lon=9.424960&zoom=13\\\" target=\\\"_blank\\\" title=\\\"Helfen Sie OpenStreetMap.org das Kartenmaterial zu verbessern\\\">Bearbeiten<\/a>)\", detectRetina: true});\nvar stamen_toner = new L.TileLayer(\"https:\/\/stamen-tiles-{s}.a.ssl.fastly.net\/toner\/{z}\/{x}\/{y}.png\", {maxZoom: 21, maxNativeZoom: 20, minZoom: 1, errorTileUrl: \"https:\/\/www.linksambach.de\/wp-content\/plugins\/leaflet-maps-marker\/inc\/img\/error-tile-image.png\", attribution: \"<a target=\\\"_blank\\\" href=\\\"http:\/\/maps.stamen.com\/\\\">Map tiles<\/a>: <a target=\\\"_blank\\\" href=\\\"http:\/\/stamen.com\\\">Stamen Design<\/a>, <a target=\\\"_blank\\\" href=\\\"https:\/\/creativecommons.org\/licenses\/by\/3.0\\\">CC BY 3.0<\/a>, Data &copy <a target=\\\"blank\\\" href=\\\"https:\/\/www.openstreetmap.org\/copyright\\\">OpenStreetMap-Mitwirkende<\/a>&nbsp;(<a href=\\\"https:\/\/www.openstreetmap.org\/edit?editor=id&amp;lat=48.657650&amp;lon=9.424960&zoom=13\\\" target=\\\"_blank\\\" title=\\\"Helfen Sie OpenStreetMap.org das Kartenmaterial zu verbessern\\\">Bearbeiten<\/a>)\", detectRetina: true});\nvar stamen_watercolor = new L.TileLayer(\"https:\/\/stamen-tiles-{s}.a.ssl.fastly.net\/watercolor\/{z}\/{x}\/{y}.jpg\", {maxZoom: 21, maxNativeZoom: 18, minZoom: 1, errorTileUrl: \"https:\/\/www.linksambach.de\/wp-content\/plugins\/leaflet-maps-marker\/inc\/img\/error-tile-image.png\", attribution: \"<a target=\\\"_blank\\\" href=\\\"http:\/\/maps.stamen.com\/\\\">Map tiles<\/a>: <a target=\\\"_blank\\\" href=\\\"http:\/\/stamen.com\\\">Stamen Design<\/a>, <a target=\\\"_blank\\\" href=\\\"https:\/\/creativecommons.org\/licenses\/by\/3.0\\\">CC BY 3.0<\/a>, Data &copy <a target=\\\"blank\\\" href=\\\"https:\/\/www.openstreetmap.org\/copyright\\\">OpenStreetMap-Mitwirkende<\/a>&nbsp;(<a href=\\\"https:\/\/www.openstreetmap.org\/edit?editor=id&amp;lat=48.657650&amp;lon=9.424960&zoom=13\\\" target=\\\"_blank\\\" title=\\\"Helfen Sie OpenStreetMap.org das Kartenmaterial zu verbessern\\\">Bearbeiten<\/a>)\", detectRetina: true});\nvar googleLayer_roadmap = new L.Google(\"ROADMAP\", {detectRetina: true});\nvar googleLayer_satellite = new L.Google(\"SATELLITE\", {detectRetina: true});\nvar googleLayer_hybrid = new L.Google(\"HYBRID\", {detectRetina: true});\nvar googleLayer_terrain = new L.Google(\"TERRAIN\", {detectRetina: true});\nvar ogdwien_basemap = new L.TileLayer(\"https:\/\/{s}.wien.gv.at\/basemap\/geolandbasemap\/normal\/google3857\/{z}\/{y}\/{x}.png\", {maxZoom: 21, maxNativeZoom: 19, minZoom: 1, attribution: \"Karte: <a href=\\\"https:\/\/www.basemap.at\\\" target=\\\"_blank\\\" style=\\\"\\\">basemap.at<\/a>\", subdomains: [\"maps1\", \"maps2\", \"maps3\", \"maps4\"], detectRetina: true});\nvar ogdwien_satellite = new L.TileLayer(\"https:\/\/{s}.wien.gv.at\/basemap\/bmaporthofoto30cm\/normal\/google3857\/{z}\/{y}\/{x}.jpeg\", {maxZoom: 21, maxNativeZoom: 19, minZoom: 1, attribution: \"Karte: <a href=\\\"https:\/\/www.basemap.at\\\" target=\\\"_blank\\\" style=\\\"\\\">basemap.at<\/a>\", subdomains: [\"maps1\", \"maps2\", \"maps3\", \"maps3\"], detectRetina: true});\nvar mapbox = new L.TileLayer(\"https:\/\/{s}.tiles.mapbox.com\/v3\/mapbox.blue-marble-topo-jul\/{z}\/{x}\/{y}.png\", {minZoom: 0, maxZoom: 21, maxNativeZoom: 8, errorTileUrl: \"https:\/\/www.linksambach.de\/wp-content\/plugins\/leaflet-maps-marker\/inc\/img\/error-tile-image.png\", attribution: \"MapBox\/NASA, <a href=\\\"http:\/\/www.mapbox.com\\\">http:\/\/www.mapbox.com<\/a>\", subdomains: [\"a\",\"b\",\"c\",\"d\"], detectRetina: true});\nvar mapbox2 = new L.TileLayer(\"https:\/\/{s}.tiles.mapbox.com\/v3\/mapbox.geography-class\/{z}\/{x}\/{y}.png\", {minZoom: 0, maxZoom: 21, maxNativeZoom: 8, errorTileUrl: \"https:\/\/www.linksambach.de\/wp-content\/plugins\/leaflet-maps-marker\/inc\/img\/error-tile-image.png\", attribution: \"MapBox, <a href=\\\"http:\/\/www.mapbox.com\\\">http:\/\/www.mapbox.com<\/a>\", subdomains: [\"a\",\"b\",\"c\",\"d\"], detectRetina: true});\nvar mapbox3 = new L.TileLayer(\"https:\/\/{s}.tiles.mapbox.com\/v3\/mapbox.natural-earth-1\/{z}\/{x}\/{y}.png\", {minZoom: 0, maxZoom: 21, maxNativeZoom: 6, errorTileUrl: \"https:\/\/www.linksambach.de\/wp-content\/plugins\/leaflet-maps-marker\/inc\/img\/error-tile-image.png\", attribution: \"MapBox, <a href=\\\"http:\/\/www.mapbox.com\\\">http:\/\/www.mapbox.com<\/a>\", subdomains: [\"a\",\"b\",\"c\",\"d\"], detectRetina: true});\nvar custom_basemap = new L.TileLayer(\"http:\/\/tile.opencyclemap.org\/cycle\/{z}\/{x}\/{y}.png\", {maxZoom: 21, maxNativeZoom: 17, minZoom: 1, tms: false, errorTileUrl: \"https:\/\/www.linksambach.de\/wp-content\/plugins\/leaflet-maps-marker\/inc\/img\/error-tile-image.png\", attribution: \"Karte: \u00a9 <a href=\\\"http:\/\/openstreetmap.org\/\\\">OpenStreetMap contributors<\/a>, <a href=\\\"http:\/\/creativecommons.org\/licenses\/by-sa\/2.0\/\\\">CC-BY-SA<\/a>\", continuousWorld: false, noWrap: false, detectRetina: true});\nvar custom_basemap2 = new L.TileLayer(\"http:\/\/tile.stamen.com\/watercolor\/{z}\/{x}\/{y}.jpg\", {maxZoom: 21, maxNativeZoom: 17, minZoom: 1, tms: false, errorTileUrl: \"https:\/\/www.linksambach.de\/wp-content\/plugins\/leaflet-maps-marker\/inc\/img\/error-tile-image.png\", attribution: \"Karte: Map tiles: <a href=\\\"http:\/\/stamen.com\\\">Stamen Design<\/a>, <a href=\\\"http:\/\/creativecommons.org\/licenses\/by\/3.0\\\">CC BY 3.0<\/a>. Data: <a href=\\\"http:\/\/openstreetmap.org\\\">OpenStreetMap<\/a>, <a href=\\\"http:\/\/creativecommons.org\/licenses\/by-sa\/3.0\\\">CC BY SA<\/a>\", continuousWorld: false, noWrap: false, detectRetina: true});\nvar custom_basemap3 = new L.TileLayer(\"http:\/\/{s}.tile2.opencyclemap.org\/transport\/{z}\/{x}\/{y}.png\", {maxZoom: 21, maxNativeZoom: 18, minZoom: 1, tms: false, errorTileUrl: \"https:\/\/www.linksambach.de\/wp-content\/plugins\/leaflet-maps-marker\/inc\/img\/error-tile-image.png\", attribution: \"Karte: \u00a9 Gravitystorm Ltd. <a href=\\\"http:\/\/www.thunderforest.com\\\">Thunderforest<\/a>\", subdomains: [\"a\", \"b\", \"c\"], continuousWorld: false, noWrap: false, detectRetina: true});\nvar empty_basemap = new L.TileLayer(\"\");\nvar overlays_custom = new L.TileLayer(\"http:\/\/{s}.wien.gv.at\/wmts\/beschriftung\/normal\/google3857\/{z}\/{y}\/{x}.png\", {tms: false, errorTileUrl: \"https:\/\/www.linksambach.de\/wp-content\/plugins\/leaflet-maps-marker\/inc\/img\/error-tile-image.png\", attribution: \"Addresses: City of Vienna (<a href=\\\"http:\/\/data.wien.gv.at\\\">data.wien.gv.at<\/a>)\", opacity: 1, maxZoom: 21, maxNativeZoom: 19, minZoom: 1, subdomains: [\"maps\", \"maps1\", \"maps2\", \"maps3\"], detectRetina: true});\nvar overlays_custom2 = new L.TileLayer(\"http:\/\/{s}.wien.gv.at\/wmts\/beschriftung\/normal\/google3857\/{z}\/{y}\/{x}.png\", {tms: false, errorTileUrl: \"https:\/\/www.linksambach.de\/wp-content\/plugins\/leaflet-maps-marker\/inc\/img\/error-tile-image.png\", attribution: \"Addresses: City of Vienna (<a href=\\\"http:\/\/data.wien.gv.at\\\">data.wien.gv.at<\/a>)\", opacity: 1, maxZoom: 21, maxNativeZoom: 17, minZoom: 1, subdomains: [\"maps\", \"maps1\", \"maps2\", \"maps3\"], detectRetina: true});\nvar overlays_custom3 = new L.TileLayer(\"http:\/\/{s}.wien.gv.at\/wmts\/beschriftung\/normal\/google3857\/{z}\/{y}\/{x}.png\", {tms: false, errorTileUrl: \"https:\/\/www.linksambach.de\/wp-content\/plugins\/leaflet-maps-marker\/inc\/img\/error-tile-image.png\", attribution: \"Addresses: City of Vienna (<a href=\\\"http:\/\/data.wien.gv.at\\\">data.wien.gv.at<\/a>)\", opacity: 1, maxZoom: 21, maxNativeZoom: 17, minZoom: 1, subdomains: [\"maps\", \"maps1\", \"maps2\", \"maps3\"], detectRetina: true});\nvar overlays_custom4 = new L.TileLayer(\"http:\/\/{s}.wien.gv.at\/wmts\/beschriftung\/normal\/google3857\/{z}\/{y}\/{x}.png\", {tms: false, errorTileUrl: \"https:\/\/www.linksambach.de\/wp-content\/plugins\/leaflet-maps-marker\/inc\/img\/error-tile-image.png\", attribution: \"Addresses: City of Vienna (<a href=\\\"http:\/\/data.wien.gv.at\\\">data.wien.gv.at<\/a>)\", opacity: 1, maxZoom: 21, maxNativeZoom: 17, minZoom: 1, subdomains: [\"maps\", \"maps1\", \"maps2\", \"maps3\"], detectRetina: true});\nvar layersControl_markermap_1 = new L.Control.Layers(\n{'OpenStreetMap': osm_mapnik,'Stamen Terrain': stamen_terrain,'Stamen Toner': stamen_toner,'Stamen Watercolor': stamen_watercolor,'Google Maps (Karte)': googleLayer_roadmap,'Google Maps (Satellit)': googleLayer_satellite,'Google Maps (gemischt)': googleLayer_hybrid,'Google Maps (Gel\u00e4nde)': googleLayer_terrain,'Open Cycle Map': custom_basemap,'Stamen Watercolor': custom_basemap2,'Transport Map': custom_basemap3},\n{},\n{ collapsed: true } );\nmarkermap_1.setView(new L.LatLng(48.657650, 9.424960), 13);\nmarkermap_1.addLayer(osm_mapnik).addControl(layersControl_markermap_1);\nvar scale_markermap_1 = L.control.scale({position:'bottomleft', maxWidth: 100, metric: true, imperial: true, updateWhenIdle: false});\nscale_markermap_1.addTo(markermap_1);\nvar marker_markermap_1 = new L.Marker(new L.LatLng(48.657650, 9.424960),{ title: 'linksambach',  opacity: 1});\nmarker_markermap_1.options.icon = new L.Icon({iconUrl: 'https:\/\/www.linksambach.de\/wp-content\/plugins\/leaflet-maps-marker\/leaflet-dist\/images\/marker.png',iconSize: [32, 37],iconAnchor: [17, 36],popupAnchor: [-1, -32],shadowUrl: 'https:\/\/www.linksambach.de\/wp-content\/plugins\/leaflet-maps-marker\/leaflet-dist\/images\/marker-shadow.png',shadowSize: [41, 41],shadowAnchor: [16, 43],className: 'lmm_marker_icon_default'});\nmarkermap_1.addLayer(marker_markermap_1);\nmarker_markermap_1.bindPopup(\"<div class='popup-directions' style=''>Linkstra\u00dfe 19, Kirchheim unter Teck, Deutschland (<a href=http:\/\/maps.google.com\/maps?daddr=Linkstra%C3%9Fe+19%2C+Kirchheim+unter+Teck%2C+Deutschland&t=m&layer=1&doflg=ptk&om=0 target='_blank' title='Wegbeschreibung berechnen'>Routenplaner<\/a>)<\/div>\", {maxWidth: 300, minWidth: 250, maxHeight: 160, autoPan: true, closeButton: true, autoPanPadding: new L.Point(5, 5)});\n})(jQuery);\njQuery(document).ready( function($) {\r\nfunction resizeMap() {\r\n\tvar map = jQuery('#lmm_3ae95105');\r\n\t\tvar map_parent_size = jQuery('#lmm_3ae95105').parent().width();\r\n\tif( (map_parent_size >0) && (map_parent_size < 640) ) {\r\n\t\tmap.css({ 'width': '100%'});\n\t\tmarkermap_1.invalidateSize();\r\n\t}\n}\r\nresizeMap();\nif (typeof jQuery().modal == 'function') {\r\n\t\tmarkermap_1.invalidateSize();\r\n\t\tjQuery('a[data-toggle=\"tab\"],.tabbed-area a,.nav-tabs a').on('shown.bs.tab', function (e) {\r\n\t\t\tmarkermap_1.invalidateSize();\r\n\t\t});\r\n\t}\r\n\tif (typeof jQuery.ui != 'undefined') {\r\n\tmarkermap_1.invalidateSize();\r\n\tjQuery('.ui-tabs').on('tabsactivate', function(event, ui) {\r\n\t\tmarkermap_1.invalidateSize();\r\n\t});\r\n}\r\nif (typeof jQuery.mobile != 'undefined') {\r\n\tjQuery(document).bind('pageinit', function( event, data ){\r\n\t\tmarkermap_1.invalidateSize();\r\n\t});\n}\n});\n<\/script>\n<\/div><\/p>\n<hr \/>\n<p><br \/>\n<a href=\"https:\/\/www.linksambach.de\/?page_id=79&amp;print=1\" title=\"Drucken\" rel=\"nofollow\"><img decoding=\"async\" class=\"WP-PrintIcon\" src=\"https:\/\/www.linksambach.de\/wp-content\/plugins\/wp-print\/images\/printer_famfamfam.gif\" alt=\"Drucken\" title=\"Drucken\" style=\"border: 0px;\" \/><\/a><\/p>\n","protected":false},"excerpt":{"rendered":"<p>per Bahn: Die S-Bahn Linie 1 (Haltestelle \u00d6tlingen) ist ca. 5 Fu\u00dfminuten von linksambach entfernt. per pedes: Jakobswegpilger von Bodelshofen flu\u00dfaufw\u00e4rts am Lauterufer bis zur Isolde-Kurz-Stra\u00dfe. Hier \u00fcber die Br\u00fccke und bis zur Linkstra\u00dfe. per Auto: Autobahn A8 Stuttgart \u2013 M\u00fcnchen Ausfahrt Kirchheim-West. Sie fahren geradeaus bis zur Stuttgarter Stra\u00dfe, dann links nach \u00d6tlingen. linksambach [&hellip;]<\/p>\n","protected":false},"author":1,"featured_media":0,"parent":0,"menu_order":0,"comment_status":"closed","ping_status":"closed","template":"","meta":{"footnotes":""},"class_list":["post-79","page","type-page","status-publish","hentry"],"_links":{"self":[{"href":"https:\/\/www.linksambach.de\/index.php?rest_route=\/wp\/v2\/pages\/79","targetHints":{"allow":["GET"]}}],"collection":[{"href":"https:\/\/www.linksambach.de\/index.php?rest_route=\/wp\/v2\/pages"}],"about":[{"href":"https:\/\/www.linksambach.de\/index.php?rest_route=\/wp\/v2\/types\/page"}],"author":[{"embeddable":true,"href":"https:\/\/www.linksambach.de\/index.php?rest_route=\/wp\/v2\/users\/1"}],"replies":[{"embeddable":true,"href":"https:\/\/www.linksambach.de\/index.php?rest_route=%2Fwp%2Fv2%2Fcomments&post=79"}],"version-history":[{"count":26,"href":"https:\/\/www.linksambach.de\/index.php?rest_route=\/wp\/v2\/pages\/79\/revisions"}],"predecessor-version":[{"id":1023,"href":"https:\/\/www.linksambach.de\/index.php?rest_route=\/wp\/v2\/pages\/79\/revisions\/1023"}],"wp:attachment":[{"href":"https:\/\/www.linksambach.de\/index.php?rest_route=%2Fwp%2Fv2%2Fmedia&parent=79"}],"curies":[{"name":"wp","href":"https:\/\/api.w.org\/{rel}","templated":true}]}}